{"id":20256,"date":"2022-12-14T11:11:39","date_gmt":"2022-12-14T09:11:39","guid":{"rendered":"https:\/\/rubi5.com\/?post_type=product&#038;p=20256"},"modified":"2026-01-21T20:26:05","modified_gmt":"2026-01-21T18:26:05","slug":"soporte-delim","status":"publish","type":"product","link":"https:\/\/rubi5.com\/staging\/soporte-delim\/","title":{"rendered":"Soporte Delim"},"content":{"rendered":"","protected":false},"excerpt":{"rendered":"<p>Soporte de l\u00ednea nature para dispositivos m\u00f3viles (smartphones y tablets). Fabricado en resistente bamb\u00fa de acabado lacado, con ranura\/soporte en ambas caras.<\/p>\n","protected":false},"featured_media":62283,"template":"","meta":{"_acf_changed":false},"product_brand":[],"product_cat":[147,955,957],"product_tag":[],"class_list":{"0":"post-20256","1":"product","2":"type-product","3":"status-publish","4":"has-post-thumbnail","6":"product_cat-tecnologia","7":"product_cat-accesorios-tecnologicos","8":"product_cat-soportes-para-movil","10":"first","11":"instock","12":"taxable","13":"shipping-taxable","14":"purchasable","15":"product-type-variable"},"acf":[],"_links":{"self":[{"href":"https:\/\/rubi5.com\/staging\/wp-json\/wp\/v2\/product\/20256","targetHints":{"allow":["GET"]}}],"collection":[{"href":"https:\/\/rubi5.com\/staging\/wp-json\/wp\/v2\/product"}],"about":[{"href":"https:\/\/rubi5.com\/staging\/wp-json\/wp\/v2\/types\/product"}],"version-history":[{"count":1,"href":"https:\/\/rubi5.com\/staging\/wp-json\/wp\/v2\/product\/20256\/revisions"}],"predecessor-version":[{"id":20332,"href":"https:\/\/rubi5.com\/staging\/wp-json\/wp\/v2\/product\/20256\/revisions\/20332"}],"wp:featuredmedia":[{"embeddable":true,"href":"https:\/\/rubi5.com\/staging\/wp-json\/wp\/v2\/media\/62283"}],"wp:attachment":[{"href":"https:\/\/rubi5.com\/staging\/wp-json\/wp\/v2\/media?parent=20256"}],"wp:term":[{"taxonomy":"product_brand","embeddable":true,"href":"https:\/\/rubi5.com\/staging\/wp-json\/wp\/v2\/product_brand?post=20256"},{"taxonomy":"product_cat","embeddable":true,"href":"https:\/\/rubi5.com\/staging\/wp-json\/wp\/v2\/product_cat?post=20256"},{"taxonomy":"product_tag","embeddable":true,"href":"https:\/\/rubi5.com\/staging\/wp-json\/wp\/v2\/product_tag?post=20256"}],"curies":[{"name":"wp","href":"https:\/\/api.w.org\/{rel}","templated":true}]}}