{"id":20389,"date":"2022-12-14T11:13:55","date_gmt":"2022-12-14T09:13:55","guid":{"rendered":"https:\/\/rubi5.com\/?post_type=product&#038;p=20389"},"modified":"2026-01-21T20:26:05","modified_gmt":"2026-01-21T18:26:05","slug":"auriculares-vounel","status":"publish","type":"product","link":"https:\/\/rubi5.com\/staging\/auriculares-vounel\/","title":{"rendered":"Auriculares Vounel"},"content":{"rendered":"","protected":false},"excerpt":{"rendered":"<p>Auriculares intraurales de l\u00ednea nature. Conexi\u00f3n Bluetooth\u00ae 5.0 y carcasa en ca\u00f1a de trigo, para as\u00ed fomentar la utilizaci\u00f3n de materias primas naturales y reducir las emisiones contaminantes. De dise\u00f1o ergon\u00f3mico, incluyen bot\u00f3n de control t\u00e1ctil integrado en el auricular, con base de carga a juego y luz LED de estado de carga. Funci\u00f3n manos libres y recargables, con cable micro USB incluido. Presentados en estuche individual de lujo con tapa de bisagra y en atractiva caja de dise\u00f1o eco.<\/p>\n","protected":false},"featured_media":20445,"template":"","meta":{"_acf_changed":false},"product_brand":[],"product_cat":[334,333,980,898,147],"product_tag":[],"class_list":{"0":"post-20389","1":"product","2":"type-product","3":"status-publish","4":"has-post-thumbnail","6":"product_cat-auriculares-personalizados","7":"product_cat-auriculares-y-altavoces","8":"product_cat-mas-regalos","9":"product_cat-regalos-ecologicos","10":"product_cat-tecnologia","12":"first","13":"instock","14":"taxable","15":"shipping-taxable","16":"purchasable","17":"product-type-variable"},"acf":[],"_links":{"self":[{"href":"https:\/\/rubi5.com\/staging\/wp-json\/wp\/v2\/product\/20389","targetHints":{"allow":["GET"]}}],"collection":[{"href":"https:\/\/rubi5.com\/staging\/wp-json\/wp\/v2\/product"}],"about":[{"href":"https:\/\/rubi5.com\/staging\/wp-json\/wp\/v2\/types\/product"}],"version-history":[{"count":2,"href":"https:\/\/rubi5.com\/staging\/wp-json\/wp\/v2\/product\/20389\/revisions"}],"predecessor-version":[{"id":51319,"href":"https:\/\/rubi5.com\/staging\/wp-json\/wp\/v2\/product\/20389\/revisions\/51319"}],"wp:featuredmedia":[{"embeddable":true,"href":"https:\/\/rubi5.com\/staging\/wp-json\/wp\/v2\/media\/20445"}],"wp:attachment":[{"href":"https:\/\/rubi5.com\/staging\/wp-json\/wp\/v2\/media?parent=20389"}],"wp:term":[{"taxonomy":"product_brand","embeddable":true,"href":"https:\/\/rubi5.com\/staging\/wp-json\/wp\/v2\/product_brand?post=20389"},{"taxonomy":"product_cat","embeddable":true,"href":"https:\/\/rubi5.com\/staging\/wp-json\/wp\/v2\/product_cat?post=20389"},{"taxonomy":"product_tag","embeddable":true,"href":"https:\/\/rubi5.com\/staging\/wp-json\/wp\/v2\/product_tag?post=20389"}],"curies":[{"name":"wp","href":"https:\/\/api.w.org\/{rel}","templated":true}]}}