{"id":20393,"date":"2022-12-14T11:13:56","date_gmt":"2022-12-14T09:13:56","guid":{"rendered":"https:\/\/rubi5.com\/?post_type=product&#038;p=20393"},"modified":"2026-01-21T20:26:05","modified_gmt":"2026-01-21T18:26:05","slug":"auriculares-tresan","status":"publish","type":"product","link":"https:\/\/rubi5.com\/staging\/auriculares-tresan\/","title":{"rendered":"Auriculares Tresan"},"content":{"rendered":"","protected":false},"excerpt":{"rendered":"<p>Auriculares intraurales de l\u00ednea nature, con conexi\u00f3n Bluetooth\u00ae 5.0 y bater\u00eda de litio. En elegante acabado de color blanco y presentados en estuche cargador de bamb\u00fa. De dise\u00f1o ergon\u00f3mico, incluyen bot\u00f3n de control t\u00e1ctil integrado en el auricular, con base de carga a juego y luz LED de estado de carga. Funci\u00f3n manos libres y recargables, con cable micro USB incluido. Presentados en atractiva caja de dise\u00f1o eco.<\/p>\n","protected":false},"featured_media":20457,"template":"","meta":{"_acf_changed":false},"product_brand":[],"product_cat":[334,333,147],"product_tag":[],"class_list":{"0":"post-20393","1":"product","2":"type-product","3":"status-publish","4":"has-post-thumbnail","6":"product_cat-auriculares-personalizados","7":"product_cat-auriculares-y-altavoces","8":"product_cat-tecnologia","10":"first","11":"instock","12":"taxable","13":"shipping-taxable","14":"purchasable","15":"product-type-variable"},"acf":[],"_links":{"self":[{"href":"https:\/\/rubi5.com\/staging\/wp-json\/wp\/v2\/product\/20393","targetHints":{"allow":["GET"]}}],"collection":[{"href":"https:\/\/rubi5.com\/staging\/wp-json\/wp\/v2\/product"}],"about":[{"href":"https:\/\/rubi5.com\/staging\/wp-json\/wp\/v2\/types\/product"}],"version-history":[{"count":2,"href":"https:\/\/rubi5.com\/staging\/wp-json\/wp\/v2\/product\/20393\/revisions"}],"predecessor-version":[{"id":61232,"href":"https:\/\/rubi5.com\/staging\/wp-json\/wp\/v2\/product\/20393\/revisions\/61232"}],"wp:featuredmedia":[{"embeddable":true,"href":"https:\/\/rubi5.com\/staging\/wp-json\/wp\/v2\/media\/20457"}],"wp:attachment":[{"href":"https:\/\/rubi5.com\/staging\/wp-json\/wp\/v2\/media?parent=20393"}],"wp:term":[{"taxonomy":"product_brand","embeddable":true,"href":"https:\/\/rubi5.com\/staging\/wp-json\/wp\/v2\/product_brand?post=20393"},{"taxonomy":"product_cat","embeddable":true,"href":"https:\/\/rubi5.com\/staging\/wp-json\/wp\/v2\/product_cat?post=20393"},{"taxonomy":"product_tag","embeddable":true,"href":"https:\/\/rubi5.com\/staging\/wp-json\/wp\/v2\/product_tag?post=20393"}],"curies":[{"name":"wp","href":"https:\/\/api.w.org\/{rel}","templated":true}]}}