{"id":20439,"date":"2022-12-14T11:14:42","date_gmt":"2022-12-14T09:14:42","guid":{"rendered":"https:\/\/rubi5.com\/?post_type=product&#038;p=20439"},"modified":"2026-01-21T20:26:05","modified_gmt":"2026-01-21T18:26:05","slug":"altavoz-martins","status":"publish","type":"product","link":"https:\/\/rubi5.com\/staging\/altavoz-martins\/","title":{"rendered":"Altavoz Martins"},"content":{"rendered":"","protected":false},"excerpt":{"rendered":"<p>Altavoz de conexi\u00f3n Bluetooth\u00ae. Este altavoz personalizado es de colores metalizados, con conexi\u00f3n Bluetooth\u00ae 3.0, 3W de potencia, con funci\u00f3n de manos libres, una ranura para tarjetas mini SD de hasta 64 GB de capacidad, funci\u00f3n radio FM, entrada auxiliar de l\u00ednea mediante conexi\u00f3n jack de 3,5mm y soportes de goma antideslizantes en la base. Compatible con iOS y Android, incluye cable de carga mini USB, cable auxiliar jack de 3,5mm. Presentado en una caja individual cada altavoz.<\/p>\n<p>Podr\u00e1s regalar altavoces personalizados con tu color corporativo, grabados con el logo de la empresa en el cuerpo del altavoz, o combinar diferentes colores para regalar. \u00a1T\u00fa decides!<\/p>\n","protected":false},"featured_media":57899,"template":"","meta":{"_acf_changed":false},"product_brand":[],"product_cat":[335,333,147],"product_tag":[],"class_list":{"0":"post-20439","1":"product","2":"type-product","3":"status-publish","4":"has-post-thumbnail","6":"product_cat-altavoces-personalizados","7":"product_cat-auriculares-y-altavoces","8":"product_cat-tecnologia","10":"first","11":"instock","12":"taxable","13":"shipping-taxable","14":"purchasable","15":"product-type-variable"},"acf":[],"_links":{"self":[{"href":"https:\/\/rubi5.com\/staging\/wp-json\/wp\/v2\/product\/20439","targetHints":{"allow":["GET"]}}],"collection":[{"href":"https:\/\/rubi5.com\/staging\/wp-json\/wp\/v2\/product"}],"about":[{"href":"https:\/\/rubi5.com\/staging\/wp-json\/wp\/v2\/types\/product"}],"version-history":[{"count":5,"href":"https:\/\/rubi5.com\/staging\/wp-json\/wp\/v2\/product\/20439\/revisions"}],"predecessor-version":[{"id":56427,"href":"https:\/\/rubi5.com\/staging\/wp-json\/wp\/v2\/product\/20439\/revisions\/56427"}],"wp:featuredmedia":[{"embeddable":true,"href":"https:\/\/rubi5.com\/staging\/wp-json\/wp\/v2\/media\/57899"}],"wp:attachment":[{"href":"https:\/\/rubi5.com\/staging\/wp-json\/wp\/v2\/media?parent=20439"}],"wp:term":[{"taxonomy":"product_brand","embeddable":true,"href":"https:\/\/rubi5.com\/staging\/wp-json\/wp\/v2\/product_brand?post=20439"},{"taxonomy":"product_cat","embeddable":true,"href":"https:\/\/rubi5.com\/staging\/wp-json\/wp\/v2\/product_cat?post=20439"},{"taxonomy":"product_tag","embeddable":true,"href":"https:\/\/rubi5.com\/staging\/wp-json\/wp\/v2\/product_tag?post=20439"}],"curies":[{"name":"wp","href":"https:\/\/api.w.org\/{rel}","templated":true}]}}