{"id":20490,"date":"2022-12-14T11:15:26","date_gmt":"2022-12-14T09:15:26","guid":{"rendered":"https:\/\/rubi5.com\/?post_type=product&#038;p=20490"},"modified":"2026-01-21T20:26:05","modified_gmt":"2026-01-21T18:26:05","slug":"altavoz-kaltun","status":"publish","type":"product","link":"https:\/\/rubi5.com\/staging\/altavoz-kaltun\/","title":{"rendered":"Altavoz Kaltun"},"content":{"rendered":"","protected":false},"excerpt":{"rendered":"<p>Compacto altavoz con cuerpo en bamb\u00fa y conexi\u00f3n Bluetooth\u00ae. Rejilla met\u00e1lica, con 3W de potencia, funci\u00f3n manos libres, una ranura para tarjetas mini SD, funci\u00f3n radio FM, y base antideslizante. Recargable mediante cable USB -incluido- y presentado en una atractiva caja de dise\u00f1o.<\/p>\n","protected":false},"featured_media":57898,"template":"","meta":{"_acf_changed":false},"product_brand":[],"product_cat":[335,333,147],"product_tag":[],"class_list":{"0":"post-20490","1":"product","2":"type-product","3":"status-publish","4":"has-post-thumbnail","6":"product_cat-altavoces-personalizados","7":"product_cat-auriculares-y-altavoces","8":"product_cat-tecnologia","10":"first","11":"instock","12":"taxable","13":"shipping-taxable","14":"purchasable","15":"product-type-variable"},"acf":[],"_links":{"self":[{"href":"https:\/\/rubi5.com\/staging\/wp-json\/wp\/v2\/product\/20490","targetHints":{"allow":["GET"]}}],"collection":[{"href":"https:\/\/rubi5.com\/staging\/wp-json\/wp\/v2\/product"}],"about":[{"href":"https:\/\/rubi5.com\/staging\/wp-json\/wp\/v2\/types\/product"}],"version-history":[{"count":1,"href":"https:\/\/rubi5.com\/staging\/wp-json\/wp\/v2\/product\/20490\/revisions"}],"predecessor-version":[{"id":20535,"href":"https:\/\/rubi5.com\/staging\/wp-json\/wp\/v2\/product\/20490\/revisions\/20535"}],"wp:featuredmedia":[{"embeddable":true,"href":"https:\/\/rubi5.com\/staging\/wp-json\/wp\/v2\/media\/57898"}],"wp:attachment":[{"href":"https:\/\/rubi5.com\/staging\/wp-json\/wp\/v2\/media?parent=20490"}],"wp:term":[{"taxonomy":"product_brand","embeddable":true,"href":"https:\/\/rubi5.com\/staging\/wp-json\/wp\/v2\/product_brand?post=20490"},{"taxonomy":"product_cat","embeddable":true,"href":"https:\/\/rubi5.com\/staging\/wp-json\/wp\/v2\/product_cat?post=20490"},{"taxonomy":"product_tag","embeddable":true,"href":"https:\/\/rubi5.com\/staging\/wp-json\/wp\/v2\/product_tag?post=20490"}],"curies":[{"name":"wp","href":"https:\/\/api.w.org\/{rel}","templated":true}]}}