{"id":20516,"date":"2022-12-14T11:15:55","date_gmt":"2022-12-14T09:15:55","guid":{"rendered":"https:\/\/rubi5.com\/?post_type=product&#038;p=20516"},"modified":"2026-01-21T20:26:05","modified_gmt":"2026-01-21T18:26:05","slug":"altavoz-cayren","status":"publish","type":"product","link":"https:\/\/rubi5.com\/staging\/altavoz-cayren\/","title":{"rendered":"Altavoz Cayren"},"content":{"rendered":"","protected":false},"excerpt":{"rendered":"<p>Compacto altavoz de l\u00ednea nature y conexi\u00f3n Bluetooth\u00ae 5.0. Carcasa en ca\u00f1a de trigo, para as\u00ed fomentar la utilizaci\u00f3n de materias primas naturales y reducir las emisiones contaminantes. Ofrece 3W de potencia, tiene funci\u00f3n de manos libres, una ranura para tarjetas mini SD de hasta 64 GB de capacidad, funci\u00f3n radio FM, entrada auxiliar de l\u00ednea mediante conexi\u00f3n jack de 3,5mm y soportes de goma antideslizantes en la base. Compatible con iOS y Android, incluye cable de carga micro USB, cable auxiliar jack de 3,5mm y viene presentado en atractiva caja de dise\u00f1o eco.<\/p>\n","protected":false},"featured_media":57897,"template":"","meta":{"_acf_changed":false},"product_brand":[],"product_cat":[335,333,147],"product_tag":[],"class_list":{"0":"post-20516","1":"product","2":"type-product","3":"status-publish","4":"has-post-thumbnail","6":"product_cat-altavoces-personalizados","7":"product_cat-auriculares-y-altavoces","8":"product_cat-tecnologia","10":"first","11":"instock","12":"taxable","13":"shipping-taxable","14":"purchasable","15":"product-type-variable"},"acf":[],"_links":{"self":[{"href":"https:\/\/rubi5.com\/staging\/wp-json\/wp\/v2\/product\/20516","targetHints":{"allow":["GET"]}}],"collection":[{"href":"https:\/\/rubi5.com\/staging\/wp-json\/wp\/v2\/product"}],"about":[{"href":"https:\/\/rubi5.com\/staging\/wp-json\/wp\/v2\/types\/product"}],"version-history":[{"count":1,"href":"https:\/\/rubi5.com\/staging\/wp-json\/wp\/v2\/product\/20516\/revisions"}],"predecessor-version":[{"id":20558,"href":"https:\/\/rubi5.com\/staging\/wp-json\/wp\/v2\/product\/20516\/revisions\/20558"}],"wp:featuredmedia":[{"embeddable":true,"href":"https:\/\/rubi5.com\/staging\/wp-json\/wp\/v2\/media\/57897"}],"wp:attachment":[{"href":"https:\/\/rubi5.com\/staging\/wp-json\/wp\/v2\/media?parent=20516"}],"wp:term":[{"taxonomy":"product_brand","embeddable":true,"href":"https:\/\/rubi5.com\/staging\/wp-json\/wp\/v2\/product_brand?post=20516"},{"taxonomy":"product_cat","embeddable":true,"href":"https:\/\/rubi5.com\/staging\/wp-json\/wp\/v2\/product_cat?post=20516"},{"taxonomy":"product_tag","embeddable":true,"href":"https:\/\/rubi5.com\/staging\/wp-json\/wp\/v2\/product_tag?post=20516"}],"curies":[{"name":"wp","href":"https:\/\/api.w.org\/{rel}","templated":true}]}}