{"id":20518,"date":"2022-12-14T11:15:56","date_gmt":"2022-12-14T09:15:56","guid":{"rendered":"https:\/\/rubi5.com\/?post_type=product&#038;p=20518"},"modified":"2025-02-14T09:04:13","modified_gmt":"2025-02-14T07:04:13","slug":"memoria-usb-nokex-16gb","status":"publish","type":"product","link":"https:\/\/rubi5.com\/staging\/memoria-usb-nokex-16gb\/","title":{"rendered":"Memoria USB Nokex 16GB"},"content":{"rendered":"","protected":false},"excerpt":{"rendered":"<p>Memoria USB de l\u00ednea nature de 16GB de capacidad. Fabricada en madera, para as\u00ed fomentar la utilizaci\u00f3n de materiales naturales. Presentada en atractiva caja de dise\u00f1o eco.<\/p>\n","protected":false},"featured_media":62274,"template":"","meta":{"_acf_changed":false},"product_brand":[],"product_cat":[337,980,336,898,147],"product_tag":[],"class_list":{"0":"post-20518","1":"product","2":"type-product","3":"status-publish","4":"has-post-thumbnail","6":"product_cat-memorias-usb-ecologicas","7":"product_cat-mas-regalos","8":"product_cat-memorias-usb-personalizadas","9":"product_cat-regalos-ecologicos","10":"product_cat-tecnologia","12":"first","13":"instock","14":"taxable","15":"shipping-taxable","16":"product-type-external"},"acf":[],"_links":{"self":[{"href":"https:\/\/rubi5.com\/staging\/wp-json\/wp\/v2\/product\/20518","targetHints":{"allow":["GET"]}}],"collection":[{"href":"https:\/\/rubi5.com\/staging\/wp-json\/wp\/v2\/product"}],"about":[{"href":"https:\/\/rubi5.com\/staging\/wp-json\/wp\/v2\/types\/product"}],"version-history":[{"count":2,"href":"https:\/\/rubi5.com\/staging\/wp-json\/wp\/v2\/product\/20518\/revisions"}],"predecessor-version":[{"id":35065,"href":"https:\/\/rubi5.com\/staging\/wp-json\/wp\/v2\/product\/20518\/revisions\/35065"}],"wp:featuredmedia":[{"embeddable":true,"href":"https:\/\/rubi5.com\/staging\/wp-json\/wp\/v2\/media\/62274"}],"wp:attachment":[{"href":"https:\/\/rubi5.com\/staging\/wp-json\/wp\/v2\/media?parent=20518"}],"wp:term":[{"taxonomy":"product_brand","embeddable":true,"href":"https:\/\/rubi5.com\/staging\/wp-json\/wp\/v2\/product_brand?post=20518"},{"taxonomy":"product_cat","embeddable":true,"href":"https:\/\/rubi5.com\/staging\/wp-json\/wp\/v2\/product_cat?post=20518"},{"taxonomy":"product_tag","embeddable":true,"href":"https:\/\/rubi5.com\/staging\/wp-json\/wp\/v2\/product_tag?post=20518"}],"curies":[{"name":"wp","href":"https:\/\/api.w.org\/{rel}","templated":true}]}}