{"id":20548,"date":"2022-12-14T11:16:20","date_gmt":"2022-12-14T09:16:20","guid":{"rendered":"https:\/\/rubi5.com\/?post_type=product&#038;p=20548"},"modified":"2025-02-14T09:04:07","modified_gmt":"2025-02-14T07:04:07","slug":"memoria-usb-fixing-16gb","status":"publish","type":"product","link":"https:\/\/rubi5.com\/staging\/memoria-usb-fixing-16gb\/","title":{"rendered":"Memoria USB Fixing 16GB"},"content":{"rendered":"","protected":false},"excerpt":{"rendered":"<p>Memoria USB en forma de llave de 16GB de capacidad, de acabado en aluminio brillante y dise\u00f1ada para llevar en el llavero. Presentada en estuche individual met\u00e1lico con ventana y suave espuma troquelada.<\/p>\n<p>Podr\u00e1s guardar en el pendrive el documento resumen de la reuni\u00f3n y entreg\u00e1rselo a los jefes de departamento en vuestras pr\u00f3ximas reuniones. Una memoria usb personalizada siempre es un acierto por lo pr\u00e1ctico que es para todo empleado de una empresa de oficinas.<\/p>\n","protected":false},"featured_media":62273,"template":"","meta":{"_acf_changed":false},"product_brand":[],"product_cat":[338,336,147],"product_tag":[],"class_list":{"0":"post-20548","1":"product","2":"type-product","3":"status-publish","4":"has-post-thumbnail","6":"product_cat-memorias-usb-baratas","7":"product_cat-memorias-usb-personalizadas","8":"product_cat-tecnologia","10":"first","11":"instock","12":"taxable","13":"shipping-taxable","14":"product-type-external"},"acf":[],"_links":{"self":[{"href":"https:\/\/rubi5.com\/staging\/wp-json\/wp\/v2\/product\/20548","targetHints":{"allow":["GET"]}}],"collection":[{"href":"https:\/\/rubi5.com\/staging\/wp-json\/wp\/v2\/product"}],"about":[{"href":"https:\/\/rubi5.com\/staging\/wp-json\/wp\/v2\/types\/product"}],"version-history":[{"count":3,"href":"https:\/\/rubi5.com\/staging\/wp-json\/wp\/v2\/product\/20548\/revisions"}],"predecessor-version":[{"id":56436,"href":"https:\/\/rubi5.com\/staging\/wp-json\/wp\/v2\/product\/20548\/revisions\/56436"}],"wp:featuredmedia":[{"embeddable":true,"href":"https:\/\/rubi5.com\/staging\/wp-json\/wp\/v2\/media\/62273"}],"wp:attachment":[{"href":"https:\/\/rubi5.com\/staging\/wp-json\/wp\/v2\/media?parent=20548"}],"wp:term":[{"taxonomy":"product_brand","embeddable":true,"href":"https:\/\/rubi5.com\/staging\/wp-json\/wp\/v2\/product_brand?post=20548"},{"taxonomy":"product_cat","embeddable":true,"href":"https:\/\/rubi5.com\/staging\/wp-json\/wp\/v2\/product_cat?post=20548"},{"taxonomy":"product_tag","embeddable":true,"href":"https:\/\/rubi5.com\/staging\/wp-json\/wp\/v2\/product_tag?post=20548"}],"curies":[{"name":"wp","href":"https:\/\/api.w.org\/{rel}","templated":true}]}}