{"id":20718,"date":"2022-12-14T14:35:40","date_gmt":"2022-12-14T12:35:40","guid":{"rendered":"https:\/\/rubi5.com\/?post_type=product&#038;p=20718"},"modified":"2026-01-21T20:24:32","modified_gmt":"2026-01-21T18:24:32","slug":"gafas-de-sol-madera-haris","status":"publish","type":"product","link":"https:\/\/rubi5.com\/staging\/gafas-de-sol-madera-haris\/","title":{"rendered":"Gafas de sol madera Haris"},"content":{"rendered":"","protected":false},"excerpt":{"rendered":"<p>Gafas de sol con protecci\u00f3n UV400. La montura imita la madera natural, y las lentes combinan con el color de las gafas.<\/p>\n<p>Disponible en un marr\u00f3n m\u00e1s claro y otro m\u00e1s oscuro. Elige las gafas personalizadas que m\u00e1s te gusten, y graba tu logo en una patilla, o en las dos. \u00bfColabor\u00e1is dos empresas en el mismo evento deportivo? Personaliza las gafas con tu logo en una patilla y el otro logo en la otra patilla.<\/p>\n<p>&nbsp;<\/p>\n","protected":false},"featured_media":20753,"template":"","meta":{"_acf_changed":false},"product_brand":[],"product_cat":[726,727],"product_tag":[],"class_list":{"0":"post-20718","1":"product","2":"type-product","3":"status-publish","4":"has-post-thumbnail","6":"product_cat-accesorios-y-regalos","7":"product_cat-gafas-de-sol-personalizadas","9":"first","10":"instock","11":"taxable","12":"shipping-taxable","13":"purchasable","14":"product-type-variable"},"acf":[],"_links":{"self":[{"href":"https:\/\/rubi5.com\/staging\/wp-json\/wp\/v2\/product\/20718","targetHints":{"allow":["GET"]}}],"collection":[{"href":"https:\/\/rubi5.com\/staging\/wp-json\/wp\/v2\/product"}],"about":[{"href":"https:\/\/rubi5.com\/staging\/wp-json\/wp\/v2\/types\/product"}],"version-history":[{"count":3,"href":"https:\/\/rubi5.com\/staging\/wp-json\/wp\/v2\/product\/20718\/revisions"}],"predecessor-version":[{"id":56416,"href":"https:\/\/rubi5.com\/staging\/wp-json\/wp\/v2\/product\/20718\/revisions\/56416"}],"wp:featuredmedia":[{"embeddable":true,"href":"https:\/\/rubi5.com\/staging\/wp-json\/wp\/v2\/media\/20753"}],"wp:attachment":[{"href":"https:\/\/rubi5.com\/staging\/wp-json\/wp\/v2\/media?parent=20718"}],"wp:term":[{"taxonomy":"product_brand","embeddable":true,"href":"https:\/\/rubi5.com\/staging\/wp-json\/wp\/v2\/product_brand?post=20718"},{"taxonomy":"product_cat","embeddable":true,"href":"https:\/\/rubi5.com\/staging\/wp-json\/wp\/v2\/product_cat?post=20718"},{"taxonomy":"product_tag","embeddable":true,"href":"https:\/\/rubi5.com\/staging\/wp-json\/wp\/v2\/product_tag?post=20718"}],"curies":[{"name":"wp","href":"https:\/\/api.w.org\/{rel}","templated":true}]}}