{"id":20721,"date":"2022-12-14T14:35:40","date_gmt":"2022-12-14T12:35:40","guid":{"rendered":"https:\/\/rubi5.com\/?post_type=product&#038;p=20721"},"modified":"2026-01-21T20:26:05","modified_gmt":"2026-01-21T18:26:05","slug":"gafas-de-sol-lentes-espejo-gredel","status":"publish","type":"product","link":"https:\/\/rubi5.com\/staging\/gafas-de-sol-lentes-espejo-gredel\/","title":{"rendered":"Gafas de sol lentes espejo Gredel"},"content":{"rendered":"","protected":false},"excerpt":{"rendered":"<p>Gafas de sol con protecci\u00f3n UV400 de cl\u00e1sico dise\u00f1o. Con montura de acabado bicolor en divertidos colores y lentes espejados a juego.<\/p>\n","protected":false},"featured_media":62442,"template":"","meta":{"_acf_changed":false},"product_brand":[],"product_cat":[726,727],"product_tag":[],"class_list":{"0":"post-20721","1":"product","2":"type-product","3":"status-publish","4":"has-post-thumbnail","6":"product_cat-accesorios-y-regalos","7":"product_cat-gafas-de-sol-personalizadas","9":"first","10":"instock","11":"taxable","12":"shipping-taxable","13":"purchasable","14":"product-type-variable"},"acf":[],"_links":{"self":[{"href":"https:\/\/rubi5.com\/staging\/wp-json\/wp\/v2\/product\/20721","targetHints":{"allow":["GET"]}}],"collection":[{"href":"https:\/\/rubi5.com\/staging\/wp-json\/wp\/v2\/product"}],"about":[{"href":"https:\/\/rubi5.com\/staging\/wp-json\/wp\/v2\/types\/product"}],"version-history":[{"count":2,"href":"https:\/\/rubi5.com\/staging\/wp-json\/wp\/v2\/product\/20721\/revisions"}],"predecessor-version":[{"id":61221,"href":"https:\/\/rubi5.com\/staging\/wp-json\/wp\/v2\/product\/20721\/revisions\/61221"}],"wp:featuredmedia":[{"embeddable":true,"href":"https:\/\/rubi5.com\/staging\/wp-json\/wp\/v2\/media\/62442"}],"wp:attachment":[{"href":"https:\/\/rubi5.com\/staging\/wp-json\/wp\/v2\/media?parent=20721"}],"wp:term":[{"taxonomy":"product_brand","embeddable":true,"href":"https:\/\/rubi5.com\/staging\/wp-json\/wp\/v2\/product_brand?post=20721"},{"taxonomy":"product_cat","embeddable":true,"href":"https:\/\/rubi5.com\/staging\/wp-json\/wp\/v2\/product_cat?post=20721"},{"taxonomy":"product_tag","embeddable":true,"href":"https:\/\/rubi5.com\/staging\/wp-json\/wp\/v2\/product_tag?post=20721"}],"curies":[{"name":"wp","href":"https:\/\/api.w.org\/{rel}","templated":true}]}}