{"id":20736,"date":"2022-12-14T14:35:41","date_gmt":"2022-12-14T12:35:41","guid":{"rendered":"https:\/\/rubi5.com\/?post_type=product&#038;p=20736"},"modified":"2026-01-21T20:26:05","modified_gmt":"2026-01-21T18:26:05","slug":"gafas-sol-tinex","status":"publish","type":"product","link":"https:\/\/rubi5.com\/staging\/gafas-sol-tinex\/","title":{"rendered":"Gafas Sol Tinex"},"content":{"rendered":"","protected":false},"excerpt":{"rendered":"<p>Gafas de sol de l\u00ednea nature con protecci\u00f3n UV400. Con montura en fibra de bamb\u00fa y patillas en bamb\u00fa. Lentes tintadas a juego.<\/p>\n","protected":false},"featured_media":62906,"template":"","meta":{"_acf_changed":false},"product_brand":[],"product_cat":[726,727],"product_tag":[],"class_list":{"0":"post-20736","1":"product","2":"type-product","3":"status-publish","4":"has-post-thumbnail","6":"product_cat-accesorios-y-regalos","7":"product_cat-gafas-de-sol-personalizadas","9":"first","10":"instock","11":"taxable","12":"shipping-taxable","13":"purchasable","14":"product-type-variable"},"acf":[],"_links":{"self":[{"href":"https:\/\/rubi5.com\/staging\/wp-json\/wp\/v2\/product\/20736","targetHints":{"allow":["GET"]}}],"collection":[{"href":"https:\/\/rubi5.com\/staging\/wp-json\/wp\/v2\/product"}],"about":[{"href":"https:\/\/rubi5.com\/staging\/wp-json\/wp\/v2\/types\/product"}],"version-history":[{"count":1,"href":"https:\/\/rubi5.com\/staging\/wp-json\/wp\/v2\/product\/20736\/revisions"}],"predecessor-version":[{"id":20802,"href":"https:\/\/rubi5.com\/staging\/wp-json\/wp\/v2\/product\/20736\/revisions\/20802"}],"wp:featuredmedia":[{"embeddable":true,"href":"https:\/\/rubi5.com\/staging\/wp-json\/wp\/v2\/media\/62906"}],"wp:attachment":[{"href":"https:\/\/rubi5.com\/staging\/wp-json\/wp\/v2\/media?parent=20736"}],"wp:term":[{"taxonomy":"product_brand","embeddable":true,"href":"https:\/\/rubi5.com\/staging\/wp-json\/wp\/v2\/product_brand?post=20736"},{"taxonomy":"product_cat","embeddable":true,"href":"https:\/\/rubi5.com\/staging\/wp-json\/wp\/v2\/product_cat?post=20736"},{"taxonomy":"product_tag","embeddable":true,"href":"https:\/\/rubi5.com\/staging\/wp-json\/wp\/v2\/product_tag?post=20736"}],"curies":[{"name":"wp","href":"https:\/\/api.w.org\/{rel}","templated":true}]}}