{"id":20840,"date":"2022-12-14T14:37:20","date_gmt":"2022-12-14T12:37:20","guid":{"rendered":"https:\/\/rubi5.com\/?post_type=product&#038;p=20840"},"modified":"2026-01-22T04:35:14","modified_gmt":"2026-01-22T02:35:14","slug":"abanico-lencer","status":"publish","type":"product","link":"https:\/\/rubi5.com\/staging\/abanico-lencer\/","title":{"rendered":"Abanico Fenick"},"content":{"rendered":"","protected":false},"excerpt":{"rendered":"<p>Abanico de l\u00ednea nature, con varillas de fibra de bamb\u00fa y tela en RPET, elaborado a partir de pl\u00e1stico reciclado, para as\u00ed fomentar la reutilizaci\u00f3n de residuos pl\u00e1sticos y ayudar a la sostenibilidad del planeta. Presentado en caja individual de dise\u00f1o eco.<\/p>\n","protected":false},"featured_media":62629,"template":"","meta":{"_acf_changed":false},"product_brand":[],"product_cat":[912,728,726],"product_tag":[],"class_list":{"0":"post-20840","1":"product","2":"type-product","3":"status-publish","4":"has-post-thumbnail","6":"product_cat-abanicos-de-madera","7":"product_cat-abanicos-personalizados","8":"product_cat-accesorios-y-regalos","10":"first","11":"instock","12":"taxable","13":"shipping-taxable","14":"purchasable","15":"product-type-variable"},"acf":[],"_links":{"self":[{"href":"https:\/\/rubi5.com\/staging\/wp-json\/wp\/v2\/product\/20840","targetHints":{"allow":["GET"]}}],"collection":[{"href":"https:\/\/rubi5.com\/staging\/wp-json\/wp\/v2\/product"}],"about":[{"href":"https:\/\/rubi5.com\/staging\/wp-json\/wp\/v2\/types\/product"}],"version-history":[{"count":3,"href":"https:\/\/rubi5.com\/staging\/wp-json\/wp\/v2\/product\/20840\/revisions"}],"predecessor-version":[{"id":35045,"href":"https:\/\/rubi5.com\/staging\/wp-json\/wp\/v2\/product\/20840\/revisions\/35045"}],"wp:featuredmedia":[{"embeddable":true,"href":"https:\/\/rubi5.com\/staging\/wp-json\/wp\/v2\/media\/62629"}],"wp:attachment":[{"href":"https:\/\/rubi5.com\/staging\/wp-json\/wp\/v2\/media?parent=20840"}],"wp:term":[{"taxonomy":"product_brand","embeddable":true,"href":"https:\/\/rubi5.com\/staging\/wp-json\/wp\/v2\/product_brand?post=20840"},{"taxonomy":"product_cat","embeddable":true,"href":"https:\/\/rubi5.com\/staging\/wp-json\/wp\/v2\/product_cat?post=20840"},{"taxonomy":"product_tag","embeddable":true,"href":"https:\/\/rubi5.com\/staging\/wp-json\/wp\/v2\/product_tag?post=20840"}],"curies":[{"name":"wp","href":"https:\/\/api.w.org\/{rel}","templated":true}]}}