{"id":20893,"date":"2022-12-14T14:38:04","date_gmt":"2022-12-14T12:38:04","guid":{"rendered":"https:\/\/rubi5.com\/?post_type=product&#038;p=20893"},"modified":"2026-01-22T04:35:14","modified_gmt":"2026-01-22T02:35:14","slug":"paraguas-ziant","status":"publish","type":"product","link":"https:\/\/rubi5.com\/staging\/paraguas-ziant\/","title":{"rendered":"Paraguas Ziant"},"content":{"rendered":"","protected":false},"excerpt":{"rendered":"<p>Paraguas plegable de 8 paneles de poli\u00e9ster 170T en extensa gama de vivos colores y 96cm de di\u00e1metro. De apertura manual, con varillas met\u00e1licas en color plateado, cierre de velcro y cinta de transporte en mango ergon\u00f3mico. Presentado en funda individual a juego.<\/p>\n","protected":false},"featured_media":62640,"template":"","meta":{"_acf_changed":false},"product_brand":[],"product_cat":[726,729,978],"product_tag":[],"class_list":{"0":"post-20893","1":"product","2":"type-product","3":"status-publish","4":"has-post-thumbnail","6":"product_cat-accesorios-y-regalos","7":"product_cat-paraguas-personalizados","8":"product_cat-paraguas-plegables","10":"first","11":"instock","12":"taxable","13":"shipping-taxable","14":"purchasable","15":"product-type-variable"},"acf":[],"_links":{"self":[{"href":"https:\/\/rubi5.com\/staging\/wp-json\/wp\/v2\/product\/20893","targetHints":{"allow":["GET"]}}],"collection":[{"href":"https:\/\/rubi5.com\/staging\/wp-json\/wp\/v2\/product"}],"about":[{"href":"https:\/\/rubi5.com\/staging\/wp-json\/wp\/v2\/types\/product"}],"version-history":[{"count":1,"href":"https:\/\/rubi5.com\/staging\/wp-json\/wp\/v2\/product\/20893\/revisions"}],"predecessor-version":[{"id":20960,"href":"https:\/\/rubi5.com\/staging\/wp-json\/wp\/v2\/product\/20893\/revisions\/20960"}],"wp:featuredmedia":[{"embeddable":true,"href":"https:\/\/rubi5.com\/staging\/wp-json\/wp\/v2\/media\/62640"}],"wp:attachment":[{"href":"https:\/\/rubi5.com\/staging\/wp-json\/wp\/v2\/media?parent=20893"}],"wp:term":[{"taxonomy":"product_brand","embeddable":true,"href":"https:\/\/rubi5.com\/staging\/wp-json\/wp\/v2\/product_brand?post=20893"},{"taxonomy":"product_cat","embeddable":true,"href":"https:\/\/rubi5.com\/staging\/wp-json\/wp\/v2\/product_cat?post=20893"},{"taxonomy":"product_tag","embeddable":true,"href":"https:\/\/rubi5.com\/staging\/wp-json\/wp\/v2\/product_tag?post=20893"}],"curies":[{"name":"wp","href":"https:\/\/api.w.org\/{rel}","templated":true}]}}