{"id":20920,"date":"2022-12-14T14:38:28","date_gmt":"2022-12-14T12:38:28","guid":{"rendered":"https:\/\/rubi5.com\/?post_type=product&#038;p=20920"},"modified":"2026-01-22T04:35:14","modified_gmt":"2026-01-22T02:35:14","slug":"paraguas-meslop","status":"publish","type":"product","link":"https:\/\/rubi5.com\/staging\/paraguas-meslop\/","title":{"rendered":"Paraguas Meslop"},"content":{"rendered":"","protected":false},"excerpt":{"rendered":"<p>Paraguas de 8 paneles en extensa gama de vivos colores y 105cm de di\u00e1metro. De apertura autom\u00e1tica, en resistente material poli\u00e9ster, con varillas met\u00e1licas en color negro y mango a juego.<\/p>\n","protected":false},"featured_media":62918,"template":"","meta":{"_acf_changed":false},"product_brand":[],"product_cat":[726,977,729],"product_tag":[],"class_list":{"0":"post-20920","1":"product","2":"type-product","3":"status-publish","4":"has-post-thumbnail","6":"product_cat-accesorios-y-regalos","7":"product_cat-paraguas-grandes","8":"product_cat-paraguas-personalizados","10":"first","11":"instock","12":"taxable","13":"shipping-taxable","14":"purchasable","15":"product-type-variable"},"acf":[],"_links":{"self":[{"href":"https:\/\/rubi5.com\/staging\/wp-json\/wp\/v2\/product\/20920","targetHints":{"allow":["GET"]}}],"collection":[{"href":"https:\/\/rubi5.com\/staging\/wp-json\/wp\/v2\/product"}],"about":[{"href":"https:\/\/rubi5.com\/staging\/wp-json\/wp\/v2\/types\/product"}],"version-history":[{"count":1,"href":"https:\/\/rubi5.com\/staging\/wp-json\/wp\/v2\/product\/20920\/revisions"}],"predecessor-version":[{"id":20986,"href":"https:\/\/rubi5.com\/staging\/wp-json\/wp\/v2\/product\/20920\/revisions\/20986"}],"wp:featuredmedia":[{"embeddable":true,"href":"https:\/\/rubi5.com\/staging\/wp-json\/wp\/v2\/media\/62918"}],"wp:attachment":[{"href":"https:\/\/rubi5.com\/staging\/wp-json\/wp\/v2\/media?parent=20920"}],"wp:term":[{"taxonomy":"product_brand","embeddable":true,"href":"https:\/\/rubi5.com\/staging\/wp-json\/wp\/v2\/product_brand?post=20920"},{"taxonomy":"product_cat","embeddable":true,"href":"https:\/\/rubi5.com\/staging\/wp-json\/wp\/v2\/product_cat?post=20920"},{"taxonomy":"product_tag","embeddable":true,"href":"https:\/\/rubi5.com\/staging\/wp-json\/wp\/v2\/product_tag?post=20920"}],"curies":[{"name":"wp","href":"https:\/\/api.w.org\/{rel}","templated":true}]}}