{"id":20945,"date":"2022-12-14T14:38:55","date_gmt":"2022-12-14T12:38:55","guid":{"rendered":"https:\/\/rubi5.com\/?post_type=product&#038;p=20945"},"modified":"2026-01-22T04:35:14","modified_gmt":"2026-01-22T02:35:14","slug":"paraguas-panan-xl","status":"publish","type":"product","link":"https:\/\/rubi5.com\/staging\/paraguas-panan-xl\/","title":{"rendered":"Paraguas Panan Xl"},"content":{"rendered":"","protected":false},"excerpt":{"rendered":"<p>Paraguas de 8 paneles tama\u00f1o XL -130cm di\u00e1metro- con sistema antiviento. Apertura autom\u00e1tica, en resistente poli\u00e9ster y con varillas de fibra en color negro. Con mango acolchado de EVA y cierre de velcro. Disponible en extensa gama de colores.<\/p>\n","protected":false},"featured_media":62919,"template":"","meta":{"_acf_changed":false},"product_brand":[],"product_cat":[726,977,729],"product_tag":[],"class_list":{"0":"post-20945","1":"product","2":"type-product","3":"status-publish","4":"has-post-thumbnail","6":"product_cat-accesorios-y-regalos","7":"product_cat-paraguas-grandes","8":"product_cat-paraguas-personalizados","10":"first","11":"instock","12":"taxable","13":"shipping-taxable","14":"purchasable","15":"product-type-variable"},"acf":[],"_links":{"self":[{"href":"https:\/\/rubi5.com\/staging\/wp-json\/wp\/v2\/product\/20945","targetHints":{"allow":["GET"]}}],"collection":[{"href":"https:\/\/rubi5.com\/staging\/wp-json\/wp\/v2\/product"}],"about":[{"href":"https:\/\/rubi5.com\/staging\/wp-json\/wp\/v2\/types\/product"}],"version-history":[{"count":1,"href":"https:\/\/rubi5.com\/staging\/wp-json\/wp\/v2\/product\/20945\/revisions"}],"predecessor-version":[{"id":21008,"href":"https:\/\/rubi5.com\/staging\/wp-json\/wp\/v2\/product\/20945\/revisions\/21008"}],"wp:featuredmedia":[{"embeddable":true,"href":"https:\/\/rubi5.com\/staging\/wp-json\/wp\/v2\/media\/62919"}],"wp:attachment":[{"href":"https:\/\/rubi5.com\/staging\/wp-json\/wp\/v2\/media?parent=20945"}],"wp:term":[{"taxonomy":"product_brand","embeddable":true,"href":"https:\/\/rubi5.com\/staging\/wp-json\/wp\/v2\/product_brand?post=20945"},{"taxonomy":"product_cat","embeddable":true,"href":"https:\/\/rubi5.com\/staging\/wp-json\/wp\/v2\/product_cat?post=20945"},{"taxonomy":"product_tag","embeddable":true,"href":"https:\/\/rubi5.com\/staging\/wp-json\/wp\/v2\/product_tag?post=20945"}],"curies":[{"name":"wp","href":"https:\/\/api.w.org\/{rel}","templated":true}]}}