{"id":20970,"date":"2022-12-14T14:39:17","date_gmt":"2022-12-14T12:39:17","guid":{"rendered":"https:\/\/rubi5.com\/?post_type=product&#038;p=20970"},"modified":"2026-01-22T04:35:14","modified_gmt":"2026-01-22T02:35:14","slug":"paraguas-bonaf","status":"publish","type":"product","link":"https:\/\/rubi5.com\/staging\/paraguas-bonaf\/","title":{"rendered":"Paraguas Bonaf"},"content":{"rendered":"","protected":false},"excerpt":{"rendered":"<p>Paraguas de l\u00ednea nature de 105cm de di\u00e1metro. En material pongee 190T RPET, elaborado a partir de pl\u00e1stico reciclado, para as\u00ed fomentar la reutilizaci\u00f3n de residuos pl\u00e1sticos y ayudar a la sostenibilidad del planeta. De apertura autom\u00e1tica y varillas met\u00e1licas. Mango y ca\u00f1a de madera, con etiqueta distintiva RPET<\/p>\n","protected":false},"featured_media":62917,"template":"","meta":{"_acf_changed":false},"product_brand":[],"product_cat":[726,977,729],"product_tag":[],"class_list":{"0":"post-20970","1":"product","2":"type-product","3":"status-publish","4":"has-post-thumbnail","6":"product_cat-accesorios-y-regalos","7":"product_cat-paraguas-grandes","8":"product_cat-paraguas-personalizados","10":"first","11":"instock","12":"taxable","13":"shipping-taxable","14":"purchasable","15":"product-type-variable"},"acf":[],"_links":{"self":[{"href":"https:\/\/rubi5.com\/staging\/wp-json\/wp\/v2\/product\/20970","targetHints":{"allow":["GET"]}}],"collection":[{"href":"https:\/\/rubi5.com\/staging\/wp-json\/wp\/v2\/product"}],"about":[{"href":"https:\/\/rubi5.com\/staging\/wp-json\/wp\/v2\/types\/product"}],"version-history":[{"count":1,"href":"https:\/\/rubi5.com\/staging\/wp-json\/wp\/v2\/product\/20970\/revisions"}],"predecessor-version":[{"id":21035,"href":"https:\/\/rubi5.com\/staging\/wp-json\/wp\/v2\/product\/20970\/revisions\/21035"}],"wp:featuredmedia":[{"embeddable":true,"href":"https:\/\/rubi5.com\/staging\/wp-json\/wp\/v2\/media\/62917"}],"wp:attachment":[{"href":"https:\/\/rubi5.com\/staging\/wp-json\/wp\/v2\/media?parent=20970"}],"wp:term":[{"taxonomy":"product_brand","embeddable":true,"href":"https:\/\/rubi5.com\/staging\/wp-json\/wp\/v2\/product_brand?post=20970"},{"taxonomy":"product_cat","embeddable":true,"href":"https:\/\/rubi5.com\/staging\/wp-json\/wp\/v2\/product_cat?post=20970"},{"taxonomy":"product_tag","embeddable":true,"href":"https:\/\/rubi5.com\/staging\/wp-json\/wp\/v2\/product_tag?post=20970"}],"curies":[{"name":"wp","href":"https:\/\/api.w.org\/{rel}","templated":true}]}}