{"id":21013,"date":"2022-12-14T14:40:01","date_gmt":"2022-12-14T12:40:01","guid":{"rendered":"https:\/\/rubi5.com\/?post_type=product&#038;p=21013"},"modified":"2026-01-22T04:35:14","modified_gmt":"2026-01-22T02:35:14","slug":"paraguas-alexon","status":"publish","type":"product","link":"https:\/\/rubi5.com\/staging\/paraguas-alexon\/","title":{"rendered":"Paraguas Alexon"},"content":{"rendered":"","protected":false},"excerpt":{"rendered":"<p>Paraguas plegable de 8 paneles y 98cm de di\u00e1metro. Tela en resistente poli\u00e9ster 190T, con mecanismo autom\u00e1tico de apertura\/cierre y sistema antiviento. Varillas met\u00e1licas en color plata y fibra de vidrio. Cierre de velcro y mango ergon\u00f3mico con cinta de transporte. Incluye funda a juego.<\/p>\n","protected":false},"featured_media":62915,"template":"","meta":{"_acf_changed":false},"product_brand":[],"product_cat":[726,729,978],"product_tag":[],"class_list":{"0":"post-21013","1":"product","2":"type-product","3":"status-publish","4":"has-post-thumbnail","6":"product_cat-accesorios-y-regalos","7":"product_cat-paraguas-personalizados","8":"product_cat-paraguas-plegables","10":"first","11":"instock","12":"taxable","13":"shipping-taxable","14":"purchasable","15":"product-type-variable"},"acf":[],"_links":{"self":[{"href":"https:\/\/rubi5.com\/staging\/wp-json\/wp\/v2\/product\/21013","targetHints":{"allow":["GET"]}}],"collection":[{"href":"https:\/\/rubi5.com\/staging\/wp-json\/wp\/v2\/product"}],"about":[{"href":"https:\/\/rubi5.com\/staging\/wp-json\/wp\/v2\/types\/product"}],"version-history":[{"count":1,"href":"https:\/\/rubi5.com\/staging\/wp-json\/wp\/v2\/product\/21013\/revisions"}],"predecessor-version":[{"id":21077,"href":"https:\/\/rubi5.com\/staging\/wp-json\/wp\/v2\/product\/21013\/revisions\/21077"}],"wp:featuredmedia":[{"embeddable":true,"href":"https:\/\/rubi5.com\/staging\/wp-json\/wp\/v2\/media\/62915"}],"wp:attachment":[{"href":"https:\/\/rubi5.com\/staging\/wp-json\/wp\/v2\/media?parent=21013"}],"wp:term":[{"taxonomy":"product_brand","embeddable":true,"href":"https:\/\/rubi5.com\/staging\/wp-json\/wp\/v2\/product_brand?post=21013"},{"taxonomy":"product_cat","embeddable":true,"href":"https:\/\/rubi5.com\/staging\/wp-json\/wp\/v2\/product_cat?post=21013"},{"taxonomy":"product_tag","embeddable":true,"href":"https:\/\/rubi5.com\/staging\/wp-json\/wp\/v2\/product_tag?post=21013"}],"curies":[{"name":"wp","href":"https:\/\/api.w.org\/{rel}","templated":true}]}}