{"id":21020,"date":"2022-12-14T14:40:02","date_gmt":"2022-12-14T12:40:02","guid":{"rendered":"https:\/\/rubi5.com\/?post_type=product&#038;p=21020"},"modified":"2026-01-22T04:35:14","modified_gmt":"2026-01-22T02:35:14","slug":"paraguas-santy","status":"publish","type":"product","link":"https:\/\/rubi5.com\/staging\/paraguas-santy\/","title":{"rendered":"Paraguas Santy"},"content":{"rendered":"","protected":false},"excerpt":{"rendered":"<p>Paraguas de 8 paneles en variada gama de vivos colores. De 105cm de di\u00e1metro, con apertura manual y en resistente material poli\u00e9ster. Con varillas met\u00e1licas en color negro, cierre de velcro y suave mango de madera en color natural.<\/p>\n","protected":false},"featured_media":62920,"template":"","meta":{"_acf_changed":false},"product_brand":[],"product_cat":[726,977,729],"product_tag":[],"class_list":{"0":"post-21020","1":"product","2":"type-product","3":"status-publish","4":"has-post-thumbnail","6":"product_cat-accesorios-y-regalos","7":"product_cat-paraguas-grandes","8":"product_cat-paraguas-personalizados","10":"first","11":"instock","12":"taxable","13":"shipping-taxable","14":"purchasable","15":"product-type-variable"},"acf":[],"_links":{"self":[{"href":"https:\/\/rubi5.com\/staging\/wp-json\/wp\/v2\/product\/21020","targetHints":{"allow":["GET"]}}],"collection":[{"href":"https:\/\/rubi5.com\/staging\/wp-json\/wp\/v2\/product"}],"about":[{"href":"https:\/\/rubi5.com\/staging\/wp-json\/wp\/v2\/types\/product"}],"version-history":[{"count":1,"href":"https:\/\/rubi5.com\/staging\/wp-json\/wp\/v2\/product\/21020\/revisions"}],"predecessor-version":[{"id":21093,"href":"https:\/\/rubi5.com\/staging\/wp-json\/wp\/v2\/product\/21020\/revisions\/21093"}],"wp:featuredmedia":[{"embeddable":true,"href":"https:\/\/rubi5.com\/staging\/wp-json\/wp\/v2\/media\/62920"}],"wp:attachment":[{"href":"https:\/\/rubi5.com\/staging\/wp-json\/wp\/v2\/media?parent=21020"}],"wp:term":[{"taxonomy":"product_brand","embeddable":true,"href":"https:\/\/rubi5.com\/staging\/wp-json\/wp\/v2\/product_brand?post=21020"},{"taxonomy":"product_cat","embeddable":true,"href":"https:\/\/rubi5.com\/staging\/wp-json\/wp\/v2\/product_cat?post=21020"},{"taxonomy":"product_tag","embeddable":true,"href":"https:\/\/rubi5.com\/staging\/wp-json\/wp\/v2\/product_tag?post=21020"}],"curies":[{"name":"wp","href":"https:\/\/api.w.org\/{rel}","templated":true}]}}