{"id":21125,"date":"2022-12-14T14:42:26","date_gmt":"2022-12-14T12:42:26","guid":{"rendered":"https:\/\/rubi5.com\/?post_type=product&#038;p=21125"},"modified":"2026-01-22T04:35:14","modified_gmt":"2026-01-22T02:35:14","slug":"encendedor-vaygox","status":"publish","type":"product","link":"https:\/\/rubi5.com\/staging\/encendedor-vaygox\/","title":{"rendered":"Encendedor Vaygox (50 unidades)"},"content":{"rendered":"","protected":false},"excerpt":{"rendered":"<p>Encendedor a gas de mecanismo el\u00e9ctrico. Con protecci\u00f3n infantil, recargable, regulador de llama y disponible en variada gama de colores de acabado s\u00f3lido. Servidos en cajas de <strong>50 unidades<\/strong> del mismo color.<\/p>\n","protected":false},"featured_media":21227,"template":"","meta":{"_acf_changed":false},"product_brand":[],"product_cat":[731,980,982],"product_tag":[],"class_list":{"0":"post-21125","1":"product","2":"type-product","3":"status-publish","4":"has-post-thumbnail","6":"product_cat-mecheros-personalizados","7":"product_cat-mas-regalos","8":"product_cat-regalos-para-fumadores","10":"first","11":"instock","12":"taxable","13":"shipping-taxable","14":"purchasable","15":"product-type-variable"},"acf":[],"_links":{"self":[{"href":"https:\/\/rubi5.com\/staging\/wp-json\/wp\/v2\/product\/21125","targetHints":{"allow":["GET"]}}],"collection":[{"href":"https:\/\/rubi5.com\/staging\/wp-json\/wp\/v2\/product"}],"about":[{"href":"https:\/\/rubi5.com\/staging\/wp-json\/wp\/v2\/types\/product"}],"version-history":[{"count":8,"href":"https:\/\/rubi5.com\/staging\/wp-json\/wp\/v2\/product\/21125\/revisions"}],"predecessor-version":[{"id":53910,"href":"https:\/\/rubi5.com\/staging\/wp-json\/wp\/v2\/product\/21125\/revisions\/53910"}],"wp:featuredmedia":[{"embeddable":true,"href":"https:\/\/rubi5.com\/staging\/wp-json\/wp\/v2\/media\/21227"}],"wp:attachment":[{"href":"https:\/\/rubi5.com\/staging\/wp-json\/wp\/v2\/media?parent=21125"}],"wp:term":[{"taxonomy":"product_brand","embeddable":true,"href":"https:\/\/rubi5.com\/staging\/wp-json\/wp\/v2\/product_brand?post=21125"},{"taxonomy":"product_cat","embeddable":true,"href":"https:\/\/rubi5.com\/staging\/wp-json\/wp\/v2\/product_cat?post=21125"},{"taxonomy":"product_tag","embeddable":true,"href":"https:\/\/rubi5.com\/staging\/wp-json\/wp\/v2\/product_tag?post=21125"}],"curies":[{"name":"wp","href":"https:\/\/api.w.org\/{rel}","templated":true}]}}