{"id":21219,"date":"2022-12-14T14:44:02","date_gmt":"2022-12-14T12:44:02","guid":{"rendered":"https:\/\/rubi5.com\/?post_type=product&#038;p=21219"},"modified":"2026-01-22T04:35:14","modified_gmt":"2026-01-22T02:35:14","slug":"tarjetero-brigit","status":"publish","type":"product","link":"https:\/\/rubi5.com\/staging\/tarjetero-brigit\/","title":{"rendered":"Tarjetero Brigit"},"content":{"rendered":"","protected":false},"excerpt":{"rendered":"<p>Tarjetero con tecnolog\u00eda de seguridad RFID (Identificaci\u00f3n por Radio Frecuencia) que mantiene seguros tus dispositivos de transmisi\u00f3n de identidad. De elegante dise\u00f1o, suave acabado en polipiel negra y con 8 compartimentos. Presentado en caja individual.<\/p>\n","protected":false},"featured_media":62434,"template":"","meta":{"_acf_changed":false},"product_brand":[],"product_cat":[726,995,994],"product_tag":[],"class_list":{"0":"post-21219","1":"product","2":"type-product","3":"status-publish","4":"has-post-thumbnail","6":"product_cat-accesorios-y-regalos","7":"product_cat-tarjeteros-personalizados","8":"product_cat-tarjeteros-y-monederos","10":"first","11":"instock","12":"taxable","13":"shipping-taxable","14":"purchasable","15":"product-type-variable"},"acf":[],"_links":{"self":[{"href":"https:\/\/rubi5.com\/staging\/wp-json\/wp\/v2\/product\/21219","targetHints":{"allow":["GET"]}}],"collection":[{"href":"https:\/\/rubi5.com\/staging\/wp-json\/wp\/v2\/product"}],"about":[{"href":"https:\/\/rubi5.com\/staging\/wp-json\/wp\/v2\/types\/product"}],"version-history":[{"count":1,"href":"https:\/\/rubi5.com\/staging\/wp-json\/wp\/v2\/product\/21219\/revisions"}],"predecessor-version":[{"id":21281,"href":"https:\/\/rubi5.com\/staging\/wp-json\/wp\/v2\/product\/21219\/revisions\/21281"}],"wp:featuredmedia":[{"embeddable":true,"href":"https:\/\/rubi5.com\/staging\/wp-json\/wp\/v2\/media\/62434"}],"wp:attachment":[{"href":"https:\/\/rubi5.com\/staging\/wp-json\/wp\/v2\/media?parent=21219"}],"wp:term":[{"taxonomy":"product_brand","embeddable":true,"href":"https:\/\/rubi5.com\/staging\/wp-json\/wp\/v2\/product_brand?post=21219"},{"taxonomy":"product_cat","embeddable":true,"href":"https:\/\/rubi5.com\/staging\/wp-json\/wp\/v2\/product_cat?post=21219"},{"taxonomy":"product_tag","embeddable":true,"href":"https:\/\/rubi5.com\/staging\/wp-json\/wp\/v2\/product_tag?post=21219"}],"curies":[{"name":"wp","href":"https:\/\/api.w.org\/{rel}","templated":true}]}}