{"id":21268,"date":"2022-12-14T14:44:48","date_gmt":"2022-12-14T12:44:48","guid":{"rendered":"https:\/\/rubi5.com\/?post_type=product&#038;p=21268"},"modified":"2026-01-22T04:35:14","modified_gmt":"2026-01-22T02:35:14","slug":"llavero-vinger","status":"publish","type":"product","link":"https:\/\/rubi5.com\/staging\/llavero-vinger\/","title":{"rendered":"Llavero Vinger"},"content":{"rendered":"","protected":false},"excerpt":{"rendered":"<p>Llavero de poli\u00e9ster con accesorios de bandera espa\u00f1ola en la cinta y refuerzo met\u00e1lico en acabado plateado brillante.<\/p>\n","protected":false},"featured_media":62823,"template":"","meta":{"_acf_changed":false},"product_brand":[],"product_cat":[726,733,899],"product_tag":[],"class_list":{"0":"post-21268","1":"product","2":"type-product","3":"status-publish","4":"has-post-thumbnail","6":"product_cat-accesorios-y-regalos","7":"product_cat-llaveros-grabados","8":"product_cat-llaveros-personalizados","10":"first","11":"instock","12":"taxable","13":"shipping-taxable","14":"purchasable","15":"product-type-variable"},"acf":[],"_links":{"self":[{"href":"https:\/\/rubi5.com\/staging\/wp-json\/wp\/v2\/product\/21268","targetHints":{"allow":["GET"]}}],"collection":[{"href":"https:\/\/rubi5.com\/staging\/wp-json\/wp\/v2\/product"}],"about":[{"href":"https:\/\/rubi5.com\/staging\/wp-json\/wp\/v2\/types\/product"}],"version-history":[{"count":1,"href":"https:\/\/rubi5.com\/staging\/wp-json\/wp\/v2\/product\/21268\/revisions"}],"predecessor-version":[{"id":21340,"href":"https:\/\/rubi5.com\/staging\/wp-json\/wp\/v2\/product\/21268\/revisions\/21340"}],"wp:featuredmedia":[{"embeddable":true,"href":"https:\/\/rubi5.com\/staging\/wp-json\/wp\/v2\/media\/62823"}],"wp:attachment":[{"href":"https:\/\/rubi5.com\/staging\/wp-json\/wp\/v2\/media?parent=21268"}],"wp:term":[{"taxonomy":"product_brand","embeddable":true,"href":"https:\/\/rubi5.com\/staging\/wp-json\/wp\/v2\/product_brand?post=21268"},{"taxonomy":"product_cat","embeddable":true,"href":"https:\/\/rubi5.com\/staging\/wp-json\/wp\/v2\/product_cat?post=21268"},{"taxonomy":"product_tag","embeddable":true,"href":"https:\/\/rubi5.com\/staging\/wp-json\/wp\/v2\/product_tag?post=21268"}],"curies":[{"name":"wp","href":"https:\/\/api.w.org\/{rel}","templated":true}]}}