{"id":21324,"date":"2022-12-14T14:45:33","date_gmt":"2022-12-14T12:45:33","guid":{"rendered":"https:\/\/rubi5.com\/?post_type=product&#038;p=21324"},"modified":"2026-01-22T04:33:05","modified_gmt":"2026-01-22T02:33:05","slug":"llavero-selton","status":"publish","type":"product","link":"https:\/\/rubi5.com\/staging\/llavero-selton\/","title":{"rendered":"Llavero Selton"},"content":{"rendered":"","protected":false},"excerpt":{"rendered":"<p>Elegante llavero de l\u00ednea nature. Piezas obtenidas al corte de madera de haya, por lo que su textura, color y grosor pueden variar, convirti\u00e9ndolo as\u00ed en una pieza \u00fanica.Con amplia superficie de marcaje y disponible en dise\u00f1os ovalado y redondeado.<\/p>\n","protected":false},"featured_media":69911,"template":"","meta":{"_acf_changed":false},"product_brand":[],"product_cat":[726,921,899],"product_tag":[],"class_list":{"0":"post-21324","1":"product","2":"type-product","3":"status-publish","4":"has-post-thumbnail","6":"product_cat-accesorios-y-regalos","7":"product_cat-llaveros-de-madera","8":"product_cat-llaveros-personalizados","10":"first","11":"instock","12":"taxable","13":"shipping-taxable","14":"purchasable","15":"product-type-variable"},"acf":[],"_links":{"self":[{"href":"https:\/\/rubi5.com\/staging\/wp-json\/wp\/v2\/product\/21324","targetHints":{"allow":["GET"]}}],"collection":[{"href":"https:\/\/rubi5.com\/staging\/wp-json\/wp\/v2\/product"}],"about":[{"href":"https:\/\/rubi5.com\/staging\/wp-json\/wp\/v2\/types\/product"}],"version-history":[{"count":2,"href":"https:\/\/rubi5.com\/staging\/wp-json\/wp\/v2\/product\/21324\/revisions"}],"predecessor-version":[{"id":61217,"href":"https:\/\/rubi5.com\/staging\/wp-json\/wp\/v2\/product\/21324\/revisions\/61217"}],"wp:featuredmedia":[{"embeddable":true,"href":"https:\/\/rubi5.com\/staging\/wp-json\/wp\/v2\/media\/69911"}],"wp:attachment":[{"href":"https:\/\/rubi5.com\/staging\/wp-json\/wp\/v2\/media?parent=21324"}],"wp:term":[{"taxonomy":"product_brand","embeddable":true,"href":"https:\/\/rubi5.com\/staging\/wp-json\/wp\/v2\/product_brand?post=21324"},{"taxonomy":"product_cat","embeddable":true,"href":"https:\/\/rubi5.com\/staging\/wp-json\/wp\/v2\/product_cat?post=21324"},{"taxonomy":"product_tag","embeddable":true,"href":"https:\/\/rubi5.com\/staging\/wp-json\/wp\/v2\/product_tag?post=21324"}],"curies":[{"name":"wp","href":"https:\/\/api.w.org\/{rel}","templated":true}]}}