{"id":21390,"date":"2022-12-14T14:46:41","date_gmt":"2022-12-14T12:46:41","guid":{"rendered":"https:\/\/rubi5.com\/?post_type=product&#038;p=21390"},"modified":"2026-01-22T04:33:04","modified_gmt":"2026-01-22T02:33:04","slug":"llavero-trailer","status":"publish","type":"product","link":"https:\/\/rubi5.com\/staging\/llavero-trailer\/","title":{"rendered":"Llavero Trailer"},"content":{"rendered":"","protected":false},"excerpt":{"rendered":"<p>Llavero met\u00e1lico en divertido dise\u00f1o de cami\u00f3n especialmente dise\u00f1ado para marcaje en l\u00e1ser. Con cabina en acabado brillo y remolque en acabado mate.<\/p>\n","protected":false},"featured_media":62818,"template":"","meta":{"_acf_changed":false},"product_brand":[],"product_cat":[726,733,899],"product_tag":[],"class_list":{"0":"post-21390","1":"product","2":"type-product","3":"status-publish","4":"has-post-thumbnail","6":"product_cat-accesorios-y-regalos","7":"product_cat-llaveros-grabados","8":"product_cat-llaveros-personalizados","10":"first","11":"instock","12":"taxable","13":"shipping-taxable","14":"purchasable","15":"product-type-simple"},"acf":[],"_links":{"self":[{"href":"https:\/\/rubi5.com\/staging\/wp-json\/wp\/v2\/product\/21390","targetHints":{"allow":["GET"]}}],"collection":[{"href":"https:\/\/rubi5.com\/staging\/wp-json\/wp\/v2\/product"}],"about":[{"href":"https:\/\/rubi5.com\/staging\/wp-json\/wp\/v2\/types\/product"}],"version-history":[{"count":1,"href":"https:\/\/rubi5.com\/staging\/wp-json\/wp\/v2\/product\/21390\/revisions"}],"predecessor-version":[{"id":21458,"href":"https:\/\/rubi5.com\/staging\/wp-json\/wp\/v2\/product\/21390\/revisions\/21458"}],"wp:featuredmedia":[{"embeddable":true,"href":"https:\/\/rubi5.com\/staging\/wp-json\/wp\/v2\/media\/62818"}],"wp:attachment":[{"href":"https:\/\/rubi5.com\/staging\/wp-json\/wp\/v2\/media?parent=21390"}],"wp:term":[{"taxonomy":"product_brand","embeddable":true,"href":"https:\/\/rubi5.com\/staging\/wp-json\/wp\/v2\/product_brand?post=21390"},{"taxonomy":"product_cat","embeddable":true,"href":"https:\/\/rubi5.com\/staging\/wp-json\/wp\/v2\/product_cat?post=21390"},{"taxonomy":"product_tag","embeddable":true,"href":"https:\/\/rubi5.com\/staging\/wp-json\/wp\/v2\/product_tag?post=21390"}],"curies":[{"name":"wp","href":"https:\/\/api.w.org\/{rel}","templated":true}]}}