{"id":21411,"date":"2022-12-14T14:47:07","date_gmt":"2022-12-14T12:47:07","guid":{"rendered":"https:\/\/rubi5.com\/?post_type=product&#038;p=21411"},"modified":"2026-01-22T04:35:14","modified_gmt":"2026-01-22T02:35:14","slug":"llavero-yip","status":"publish","type":"product","link":"https:\/\/rubi5.com\/staging\/llavero-yip\/","title":{"rendered":"Llavero Yip"},"content":{"rendered":"","protected":false},"excerpt":{"rendered":"<p>Llavero de divertido dise\u00f1o con cinta de poli\u00e9ster de variados y vivos colores. Con cuerpo met\u00e1lico especialmente dise\u00f1ado para marcaje en l\u00e1ser.<\/p>\n","protected":false},"featured_media":69909,"template":"","meta":{"_acf_changed":false},"product_brand":[],"product_cat":[726,733,899],"product_tag":[],"class_list":{"0":"post-21411","1":"product","2":"type-product","3":"status-publish","4":"has-post-thumbnail","6":"product_cat-accesorios-y-regalos","7":"product_cat-llaveros-grabados","8":"product_cat-llaveros-personalizados","10":"first","11":"instock","12":"taxable","13":"shipping-taxable","14":"purchasable","15":"product-type-variable"},"acf":[],"_links":{"self":[{"href":"https:\/\/rubi5.com\/staging\/wp-json\/wp\/v2\/product\/21411","targetHints":{"allow":["GET"]}}],"collection":[{"href":"https:\/\/rubi5.com\/staging\/wp-json\/wp\/v2\/product"}],"about":[{"href":"https:\/\/rubi5.com\/staging\/wp-json\/wp\/v2\/types\/product"}],"version-history":[{"count":2,"href":"https:\/\/rubi5.com\/staging\/wp-json\/wp\/v2\/product\/21411\/revisions"}],"predecessor-version":[{"id":65981,"href":"https:\/\/rubi5.com\/staging\/wp-json\/wp\/v2\/product\/21411\/revisions\/65981"}],"wp:featuredmedia":[{"embeddable":true,"href":"https:\/\/rubi5.com\/staging\/wp-json\/wp\/v2\/media\/69909"}],"wp:attachment":[{"href":"https:\/\/rubi5.com\/staging\/wp-json\/wp\/v2\/media?parent=21411"}],"wp:term":[{"taxonomy":"product_brand","embeddable":true,"href":"https:\/\/rubi5.com\/staging\/wp-json\/wp\/v2\/product_brand?post=21411"},{"taxonomy":"product_cat","embeddable":true,"href":"https:\/\/rubi5.com\/staging\/wp-json\/wp\/v2\/product_cat?post=21411"},{"taxonomy":"product_tag","embeddable":true,"href":"https:\/\/rubi5.com\/staging\/wp-json\/wp\/v2\/product_tag?post=21411"}],"curies":[{"name":"wp","href":"https:\/\/api.w.org\/{rel}","templated":true}]}}