{"id":21449,"date":"2022-12-14T14:47:30","date_gmt":"2022-12-14T12:47:30","guid":{"rendered":"https:\/\/rubi5.com\/?post_type=product&#038;p=21449"},"modified":"2025-02-17T10:01:58","modified_gmt":"2025-02-17T08:01:58","slug":"pulsera-mawi","status":"publish","type":"product","link":"https:\/\/rubi5.com\/staging\/pulsera-mawi\/","title":{"rendered":"Pulsera Mawi"},"content":{"rendered":"","protected":false},"excerpt":{"rendered":"<p>Pulsera en fibra sint\u00e9tica para ni\u00f1o en variada gama de vivos colores. Con campos de identificaci\u00f3n, de cierre adhesivo, resistente al agua y presentada en plancha troquelada de 10 piezas.<\/p>\n<p>&nbsp;<\/p>\n","protected":false},"featured_media":21507,"template":"","meta":{"_acf_changed":false},"product_brand":[],"product_cat":[54,1005,734],"product_tag":[],"class_list":{"0":"post-21449","1":"product","2":"type-product","3":"status-publish","4":"has-post-thumbnail","6":"product_cat-eventos","7":"product_cat-pulseras-de-papel","8":"product_cat-pulseras-personalizadas","10":"first","11":"instock","12":"taxable","13":"shipping-taxable","14":"product-type-external"},"acf":[],"_links":{"self":[{"href":"https:\/\/rubi5.com\/staging\/wp-json\/wp\/v2\/product\/21449","targetHints":{"allow":["GET"]}}],"collection":[{"href":"https:\/\/rubi5.com\/staging\/wp-json\/wp\/v2\/product"}],"about":[{"href":"https:\/\/rubi5.com\/staging\/wp-json\/wp\/v2\/types\/product"}],"version-history":[{"count":3,"href":"https:\/\/rubi5.com\/staging\/wp-json\/wp\/v2\/product\/21449\/revisions"}],"predecessor-version":[{"id":61312,"href":"https:\/\/rubi5.com\/staging\/wp-json\/wp\/v2\/product\/21449\/revisions\/61312"}],"wp:featuredmedia":[{"embeddable":true,"href":"https:\/\/rubi5.com\/staging\/wp-json\/wp\/v2\/media\/21507"}],"wp:attachment":[{"href":"https:\/\/rubi5.com\/staging\/wp-json\/wp\/v2\/media?parent=21449"}],"wp:term":[{"taxonomy":"product_brand","embeddable":true,"href":"https:\/\/rubi5.com\/staging\/wp-json\/wp\/v2\/product_brand?post=21449"},{"taxonomy":"product_cat","embeddable":true,"href":"https:\/\/rubi5.com\/staging\/wp-json\/wp\/v2\/product_cat?post=21449"},{"taxonomy":"product_tag","embeddable":true,"href":"https:\/\/rubi5.com\/staging\/wp-json\/wp\/v2\/product_tag?post=21449"}],"curies":[{"name":"wp","href":"https:\/\/api.w.org\/{rel}","templated":true}]}}