{"id":21774,"date":"2022-12-15T09:54:39","date_gmt":"2022-12-15T07:54:39","guid":{"rendered":"https:\/\/rubi5.com\/?post_type=product&#038;p=21774"},"modified":"2026-01-22T04:35:14","modified_gmt":"2026-01-22T02:35:14","slug":"nevera-elendil","status":"publish","type":"product","link":"https:\/\/rubi5.com\/staging\/nevera-elendil\/","title":{"rendered":"Nevera Elendil"},"content":{"rendered":"","protected":false},"excerpt":{"rendered":"<p>Nevera de l\u00ednea nature y en resistente poli\u00e9ster 600D RPET efecto melange, elaborado a partir de pl\u00e1stico reciclado para as\u00ed fomentar la reutilizaci\u00f3n de residuos pl\u00e1sticos y contribuir a la sostenibilidad del planeta. Detalles en negro y base reforzada. Compartimento principal con cierre de cremallera e interior en aluminio. Incluye bolsillo exterior y cinta bandolera ajustable, con distintivo RPET en etiqueta exterior.<\/p>\n","protected":false},"featured_media":62965,"template":"","meta":{"_acf_changed":false},"product_brand":[],"product_cat":[199,370,928],"product_tag":[],"class_list":{"0":"post-21774","1":"product","2":"type-product","3":"status-publish","4":"has-post-thumbnail","6":"product_cat-hogar","7":"product_cat-neveras-personalizadas","8":"product_cat-regalos-de-cocina","10":"first","11":"instock","12":"taxable","13":"shipping-taxable","14":"purchasable","15":"product-type-variable"},"acf":[],"_links":{"self":[{"href":"https:\/\/rubi5.com\/staging\/wp-json\/wp\/v2\/product\/21774","targetHints":{"allow":["GET"]}}],"collection":[{"href":"https:\/\/rubi5.com\/staging\/wp-json\/wp\/v2\/product"}],"about":[{"href":"https:\/\/rubi5.com\/staging\/wp-json\/wp\/v2\/types\/product"}],"version-history":[{"count":2,"href":"https:\/\/rubi5.com\/staging\/wp-json\/wp\/v2\/product\/21774\/revisions"}],"predecessor-version":[{"id":56456,"href":"https:\/\/rubi5.com\/staging\/wp-json\/wp\/v2\/product\/21774\/revisions\/56456"}],"wp:featuredmedia":[{"embeddable":true,"href":"https:\/\/rubi5.com\/staging\/wp-json\/wp\/v2\/media\/62965"}],"wp:attachment":[{"href":"https:\/\/rubi5.com\/staging\/wp-json\/wp\/v2\/media?parent=21774"}],"wp:term":[{"taxonomy":"product_brand","embeddable":true,"href":"https:\/\/rubi5.com\/staging\/wp-json\/wp\/v2\/product_brand?post=21774"},{"taxonomy":"product_cat","embeddable":true,"href":"https:\/\/rubi5.com\/staging\/wp-json\/wp\/v2\/product_cat?post=21774"},{"taxonomy":"product_tag","embeddable":true,"href":"https:\/\/rubi5.com\/staging\/wp-json\/wp\/v2\/product_tag?post=21774"}],"curies":[{"name":"wp","href":"https:\/\/api.w.org\/{rel}","templated":true}]}}