{"id":21776,"date":"2022-12-15T09:54:39","date_gmt":"2022-12-15T07:54:39","guid":{"rendered":"https:\/\/rubi5.com\/?post_type=product&#038;p=21776"},"modified":"2026-01-22T04:32:58","modified_gmt":"2026-01-22T02:32:58","slug":"nevera-botella-tukam","status":"publish","type":"product","link":"https:\/\/rubi5.com\/staging\/nevera-botella-tukam\/","title":{"rendered":"Nevera Botella Tukam"},"content":{"rendered":"","protected":false},"excerpt":{"rendered":"<p>Nevera de l\u00ednea nature para botellas de hasta 1,5l, fabricada en resistente poli\u00e9ster 300D RPET, elaborado a partir de pl\u00e1stico reciclado para as\u00ed fomentar la reutilizaci\u00f3n de residuos pl\u00e1sticos y contribuir a la sostenibilidad del planeta. Con cierre de cremallera y c\u00f3moda cinta para hombro ajustable. Interior isotermo en aluminio, con distintivo RPET en etiqueta.<\/p>\n","protected":false},"featured_media":62963,"template":"","meta":{"_acf_changed":false},"product_brand":[],"product_cat":[199,370,928],"product_tag":[],"class_list":{"0":"post-21776","1":"product","2":"type-product","3":"status-publish","4":"has-post-thumbnail","6":"product_cat-hogar","7":"product_cat-neveras-personalizadas","8":"product_cat-regalos-de-cocina","10":"first","11":"instock","12":"taxable","13":"shipping-taxable","14":"product-type-variable"},"acf":[],"_links":{"self":[{"href":"https:\/\/rubi5.com\/staging\/wp-json\/wp\/v2\/product\/21776","targetHints":{"allow":["GET"]}}],"collection":[{"href":"https:\/\/rubi5.com\/staging\/wp-json\/wp\/v2\/product"}],"about":[{"href":"https:\/\/rubi5.com\/staging\/wp-json\/wp\/v2\/types\/product"}],"version-history":[{"count":1,"href":"https:\/\/rubi5.com\/staging\/wp-json\/wp\/v2\/product\/21776\/revisions"}],"predecessor-version":[{"id":21849,"href":"https:\/\/rubi5.com\/staging\/wp-json\/wp\/v2\/product\/21776\/revisions\/21849"}],"wp:featuredmedia":[{"embeddable":true,"href":"https:\/\/rubi5.com\/staging\/wp-json\/wp\/v2\/media\/62963"}],"wp:attachment":[{"href":"https:\/\/rubi5.com\/staging\/wp-json\/wp\/v2\/media?parent=21776"}],"wp:term":[{"taxonomy":"product_brand","embeddable":true,"href":"https:\/\/rubi5.com\/staging\/wp-json\/wp\/v2\/product_brand?post=21776"},{"taxonomy":"product_cat","embeddable":true,"href":"https:\/\/rubi5.com\/staging\/wp-json\/wp\/v2\/product_cat?post=21776"},{"taxonomy":"product_tag","embeddable":true,"href":"https:\/\/rubi5.com\/staging\/wp-json\/wp\/v2\/product_tag?post=21776"}],"curies":[{"name":"wp","href":"https:\/\/api.w.org\/{rel}","templated":true}]}}