{"id":21778,"date":"2022-12-15T09:54:39","date_gmt":"2022-12-15T07:54:39","guid":{"rendered":"https:\/\/rubi5.com\/?post_type=product&#038;p=21778"},"modified":"2026-01-22T04:35:14","modified_gmt":"2026-01-22T02:35:14","slug":"nevera-stacy","status":"publish","type":"product","link":"https:\/\/rubi5.com\/staging\/nevera-stacy\/","title":{"rendered":"Nevera Stacy"},"content":{"rendered":"","protected":false},"excerpt":{"rendered":"<p>Pr\u00e1ctica nevera de l\u00ednea nature y doble compartimento fabricada en poli\u00e9ster 600D RPET de alta calidad, elaborado a partir de pl\u00e1stico reciclado para as\u00ed fomentar la reutilizaci\u00f3n de residuos pl\u00e1sticos y contribuir a la sostenibilidad del planeta. Asa de transporte reforzada, incluye 2 compartimentos con cierre de cremallera y doble tirador de tela, con distintivo RPET en etiqueta exterior: Compartimento superior dise\u00f1ado para conservar el calor, con interior isotermo en aluminio. Compartimento inferior dise\u00f1ado para conservar el fr\u00edo, con interior isotermo en PEVA.<\/p>\n","protected":false},"featured_media":62967,"template":"","meta":{"_acf_changed":false},"product_brand":[],"product_cat":[199,370,928],"product_tag":[],"class_list":{"0":"post-21778","1":"product","2":"type-product","3":"status-publish","4":"has-post-thumbnail","6":"product_cat-hogar","7":"product_cat-neveras-personalizadas","8":"product_cat-regalos-de-cocina","10":"first","11":"instock","12":"taxable","13":"shipping-taxable","14":"purchasable","15":"product-type-variable"},"acf":[],"_links":{"self":[{"href":"https:\/\/rubi5.com\/staging\/wp-json\/wp\/v2\/product\/21778","targetHints":{"allow":["GET"]}}],"collection":[{"href":"https:\/\/rubi5.com\/staging\/wp-json\/wp\/v2\/product"}],"about":[{"href":"https:\/\/rubi5.com\/staging\/wp-json\/wp\/v2\/types\/product"}],"version-history":[{"count":1,"href":"https:\/\/rubi5.com\/staging\/wp-json\/wp\/v2\/product\/21778\/revisions"}],"predecessor-version":[{"id":21857,"href":"https:\/\/rubi5.com\/staging\/wp-json\/wp\/v2\/product\/21778\/revisions\/21857"}],"wp:featuredmedia":[{"embeddable":true,"href":"https:\/\/rubi5.com\/staging\/wp-json\/wp\/v2\/media\/62967"}],"wp:attachment":[{"href":"https:\/\/rubi5.com\/staging\/wp-json\/wp\/v2\/media?parent=21778"}],"wp:term":[{"taxonomy":"product_brand","embeddable":true,"href":"https:\/\/rubi5.com\/staging\/wp-json\/wp\/v2\/product_brand?post=21778"},{"taxonomy":"product_cat","embeddable":true,"href":"https:\/\/rubi5.com\/staging\/wp-json\/wp\/v2\/product_cat?post=21778"},{"taxonomy":"product_tag","embeddable":true,"href":"https:\/\/rubi5.com\/staging\/wp-json\/wp\/v2\/product_tag?post=21778"}],"curies":[{"name":"wp","href":"https:\/\/api.w.org\/{rel}","templated":true}]}}