{"id":21942,"date":"2022-12-15T09:57:26","date_gmt":"2022-12-15T07:57:26","guid":{"rendered":"https:\/\/rubi5.com\/?post_type=product&#038;p=21942"},"modified":"2026-01-22T04:35:14","modified_gmt":"2026-01-22T02:35:14","slug":"toalla-absorbente-bayalax","status":"publish","type":"product","link":"https:\/\/rubi5.com\/staging\/toalla-absorbente-bayalax\/","title":{"rendered":"Toalla Absorbente Bayalax"},"content":{"rendered":"","protected":false},"excerpt":{"rendered":"<p>Toalla ultra absorbente de microfibra. En tama\u00f1o XXL -90&#215;170 cm- y alto gramaje -310g\/m2-. Disponible en variada gama de colores, con color blanco especialmente dise\u00f1ado para sublimaci\u00f3n. *Para pedidos con impresi\u00f3n, se debe incrementar el coste del marcaje + 0,20 \/ unidad en concepto manipulaci\u00f3n especial*<\/p>\n","protected":false},"featured_media":22028,"template":"","meta":{"_acf_changed":false},"product_brand":[],"product_cat":[199,372,931],"product_tag":[],"class_list":{"0":"post-21942","1":"product","2":"type-product","3":"status-publish","4":"has-post-thumbnail","6":"product_cat-hogar","7":"product_cat-textil-hogar","8":"product_cat-toallas-personalizadas","10":"first","11":"instock","12":"taxable","13":"shipping-taxable","14":"purchasable","15":"product-type-variable"},"acf":[],"_links":{"self":[{"href":"https:\/\/rubi5.com\/staging\/wp-json\/wp\/v2\/product\/21942","targetHints":{"allow":["GET"]}}],"collection":[{"href":"https:\/\/rubi5.com\/staging\/wp-json\/wp\/v2\/product"}],"about":[{"href":"https:\/\/rubi5.com\/staging\/wp-json\/wp\/v2\/types\/product"}],"version-history":[{"count":1,"href":"https:\/\/rubi5.com\/staging\/wp-json\/wp\/v2\/product\/21942\/revisions"}],"predecessor-version":[{"id":22027,"href":"https:\/\/rubi5.com\/staging\/wp-json\/wp\/v2\/product\/21942\/revisions\/22027"}],"wp:featuredmedia":[{"embeddable":true,"href":"https:\/\/rubi5.com\/staging\/wp-json\/wp\/v2\/media\/22028"}],"wp:attachment":[{"href":"https:\/\/rubi5.com\/staging\/wp-json\/wp\/v2\/media?parent=21942"}],"wp:term":[{"taxonomy":"product_brand","embeddable":true,"href":"https:\/\/rubi5.com\/staging\/wp-json\/wp\/v2\/product_brand?post=21942"},{"taxonomy":"product_cat","embeddable":true,"href":"https:\/\/rubi5.com\/staging\/wp-json\/wp\/v2\/product_cat?post=21942"},{"taxonomy":"product_tag","embeddable":true,"href":"https:\/\/rubi5.com\/staging\/wp-json\/wp\/v2\/product_tag?post=21942"}],"curies":[{"name":"wp","href":"https:\/\/api.w.org\/{rel}","templated":true}]}}