{"id":22010,"date":"2022-12-15T09:58:42","date_gmt":"2022-12-15T07:58:42","guid":{"rendered":"https:\/\/rubi5.com\/?post_type=product&#038;p=22010"},"modified":"2026-01-22T04:35:14","modified_gmt":"2026-01-22T02:35:14","slug":"toalla-absorbente-slash","status":"publish","type":"product","link":"https:\/\/rubi5.com\/staging\/toalla-absorbente-slash\/","title":{"rendered":"Toalla Absorbente Slash"},"content":{"rendered":"","protected":false},"excerpt":{"rendered":"<p>Toalla absorbente de l\u00ednea nature. Fabricada en RPET de 160g\/m2, elaborado a partir de pl\u00e1stico reciclado para as\u00ed fomentar la reutilizaci\u00f3n de residuos pl\u00e1sticos y contribuir a la sostenibilidad del planeta. Tama\u00f1o 50&#215;100 cm, presentada en funda individual de redecilla RPET con parte trasera lisa y disponible en variada gama de colores. Con distintivo RPET en etiqueta.<\/p>\n","protected":false},"featured_media":22069,"template":"","meta":{"_acf_changed":false},"product_brand":[],"product_cat":[199,372,931],"product_tag":[],"class_list":{"0":"post-22010","1":"product","2":"type-product","3":"status-publish","4":"has-post-thumbnail","6":"product_cat-hogar","7":"product_cat-textil-hogar","8":"product_cat-toallas-personalizadas","10":"first","11":"instock","12":"taxable","13":"shipping-taxable","14":"purchasable","15":"product-type-variable"},"acf":[],"_links":{"self":[{"href":"https:\/\/rubi5.com\/staging\/wp-json\/wp\/v2\/product\/22010","targetHints":{"allow":["GET"]}}],"collection":[{"href":"https:\/\/rubi5.com\/staging\/wp-json\/wp\/v2\/product"}],"about":[{"href":"https:\/\/rubi5.com\/staging\/wp-json\/wp\/v2\/types\/product"}],"version-history":[{"count":1,"href":"https:\/\/rubi5.com\/staging\/wp-json\/wp\/v2\/product\/22010\/revisions"}],"predecessor-version":[{"id":22077,"href":"https:\/\/rubi5.com\/staging\/wp-json\/wp\/v2\/product\/22010\/revisions\/22077"}],"wp:featuredmedia":[{"embeddable":true,"href":"https:\/\/rubi5.com\/staging\/wp-json\/wp\/v2\/media\/22069"}],"wp:attachment":[{"href":"https:\/\/rubi5.com\/staging\/wp-json\/wp\/v2\/media?parent=22010"}],"wp:term":[{"taxonomy":"product_brand","embeddable":true,"href":"https:\/\/rubi5.com\/staging\/wp-json\/wp\/v2\/product_brand?post=22010"},{"taxonomy":"product_cat","embeddable":true,"href":"https:\/\/rubi5.com\/staging\/wp-json\/wp\/v2\/product_cat?post=22010"},{"taxonomy":"product_tag","embeddable":true,"href":"https:\/\/rubi5.com\/staging\/wp-json\/wp\/v2\/product_tag?post=22010"}],"curies":[{"name":"wp","href":"https:\/\/api.w.org\/{rel}","templated":true}]}}