{"id":22113,"date":"2022-12-15T10:00:25","date_gmt":"2022-12-15T08:00:25","guid":{"rendered":"https:\/\/rubi5.com\/?post_type=product&#038;p=22113"},"modified":"2026-01-22T04:35:14","modified_gmt":"2026-01-22T02:35:14","slug":"domino-prakon","status":"publish","type":"product","link":"https:\/\/rubi5.com\/staging\/domino-prakon\/","title":{"rendered":"Domin\u00f3 Prakon"},"content":{"rendered":"","protected":false},"excerpt":{"rendered":"<p>Domin\u00f3 cl\u00e1sico de 28 piezas fabricado en madera. Piezas en sobrio dise\u00f1o de color negro con detalle en blanco. Presentado en estuche individual de madera con tapa.<\/p>\n","protected":false},"featured_media":62444,"template":"","meta":{"_acf_changed":false},"product_brand":[],"product_cat":[726,373],"product_tag":[],"class_list":{"0":"post-22113","1":"product","2":"type-product","3":"status-publish","4":"has-post-thumbnail","6":"product_cat-accesorios-y-regalos","7":"product_cat-juegos-personalizados","9":"first","10":"instock","11":"taxable","12":"shipping-taxable","13":"purchasable","14":"product-type-variable"},"acf":[],"_links":{"self":[{"href":"https:\/\/rubi5.com\/staging\/wp-json\/wp\/v2\/product\/22113","targetHints":{"allow":["GET"]}}],"collection":[{"href":"https:\/\/rubi5.com\/staging\/wp-json\/wp\/v2\/product"}],"about":[{"href":"https:\/\/rubi5.com\/staging\/wp-json\/wp\/v2\/types\/product"}],"version-history":[{"count":1,"href":"https:\/\/rubi5.com\/staging\/wp-json\/wp\/v2\/product\/22113\/revisions"}],"predecessor-version":[{"id":22183,"href":"https:\/\/rubi5.com\/staging\/wp-json\/wp\/v2\/product\/22113\/revisions\/22183"}],"wp:featuredmedia":[{"embeddable":true,"href":"https:\/\/rubi5.com\/staging\/wp-json\/wp\/v2\/media\/62444"}],"wp:attachment":[{"href":"https:\/\/rubi5.com\/staging\/wp-json\/wp\/v2\/media?parent=22113"}],"wp:term":[{"taxonomy":"product_brand","embeddable":true,"href":"https:\/\/rubi5.com\/staging\/wp-json\/wp\/v2\/product_brand?post=22113"},{"taxonomy":"product_cat","embeddable":true,"href":"https:\/\/rubi5.com\/staging\/wp-json\/wp\/v2\/product_cat?post=22113"},{"taxonomy":"product_tag","embeddable":true,"href":"https:\/\/rubi5.com\/staging\/wp-json\/wp\/v2\/product_tag?post=22113"}],"curies":[{"name":"wp","href":"https:\/\/api.w.org\/{rel}","templated":true}]}}