{"id":22121,"date":"2022-12-15T10:00:26","date_gmt":"2022-12-15T08:00:26","guid":{"rendered":"https:\/\/rubi5.com\/?post_type=product&#038;p=22121"},"modified":"2026-01-22T04:32:47","modified_gmt":"2026-01-22T02:32:47","slug":"set-juegos-halin","status":"publish","type":"product","link":"https:\/\/rubi5.com\/staging\/set-juegos-halin\/","title":{"rendered":"Set Juegos Halin"},"content":{"rendered":"","protected":false},"excerpt":{"rendered":"<p>Set de juegos de l\u00ednea nature. Incluye baraja de naipes francesa en cart\u00f3n reciclado y domin\u00f3 en madera. Set presentado en estuche de madera con compartimentos individuales para cada juego y tapa con apertura deslizante.<\/p>\n","protected":false},"featured_media":62924,"template":"","meta":{"_acf_changed":false},"product_brand":[],"product_cat":[726,373],"product_tag":[],"class_list":{"0":"post-22121","1":"product","2":"type-product","3":"status-publish","4":"has-post-thumbnail","6":"product_cat-accesorios-y-regalos","7":"product_cat-juegos-personalizados","9":"first","10":"instock","11":"taxable","12":"shipping-taxable","13":"purchasable","14":"product-type-simple"},"acf":[],"_links":{"self":[{"href":"https:\/\/rubi5.com\/staging\/wp-json\/wp\/v2\/product\/22121","targetHints":{"allow":["GET"]}}],"collection":[{"href":"https:\/\/rubi5.com\/staging\/wp-json\/wp\/v2\/product"}],"about":[{"href":"https:\/\/rubi5.com\/staging\/wp-json\/wp\/v2\/types\/product"}],"version-history":[{"count":1,"href":"https:\/\/rubi5.com\/staging\/wp-json\/wp\/v2\/product\/22121\/revisions"}],"predecessor-version":[{"id":22225,"href":"https:\/\/rubi5.com\/staging\/wp-json\/wp\/v2\/product\/22121\/revisions\/22225"}],"wp:featuredmedia":[{"embeddable":true,"href":"https:\/\/rubi5.com\/staging\/wp-json\/wp\/v2\/media\/62924"}],"wp:attachment":[{"href":"https:\/\/rubi5.com\/staging\/wp-json\/wp\/v2\/media?parent=22121"}],"wp:term":[{"taxonomy":"product_brand","embeddable":true,"href":"https:\/\/rubi5.com\/staging\/wp-json\/wp\/v2\/product_brand?post=22121"},{"taxonomy":"product_cat","embeddable":true,"href":"https:\/\/rubi5.com\/staging\/wp-json\/wp\/v2\/product_cat?post=22121"},{"taxonomy":"product_tag","embeddable":true,"href":"https:\/\/rubi5.com\/staging\/wp-json\/wp\/v2\/product_tag?post=22121"}],"curies":[{"name":"wp","href":"https:\/\/api.w.org\/{rel}","templated":true}]}}