{"id":22158,"date":"2022-12-15T10:01:16","date_gmt":"2022-12-15T08:01:16","guid":{"rendered":"https:\/\/rubi5.com\/?post_type=product&#038;p=22158"},"modified":"2026-01-21T11:20:46","modified_gmt":"2026-01-21T09:20:46","slug":"sacacorchos-nolix","status":"publish","type":"product","link":"https:\/\/rubi5.com\/staging\/sacacorchos-nolix\/","title":{"rendered":"Sacacorchos Nolix"},"content":{"rendered":"","protected":false},"excerpt":{"rendered":"<p>Divertido sacacorchos magn\u00e9tico con forma de botella de vino en dise\u00f1os blanco, tinto y rosado. Con cuerpo en original acabado transl\u00facido y funci\u00f3n abridor.<\/p>\n","protected":false},"featured_media":62972,"template":"","meta":{"_acf_changed":false},"product_brand":[],"product_cat":[374,199,928],"product_tag":[],"class_list":{"0":"post-22158","1":"product","2":"type-product","3":"status-publish","4":"has-post-thumbnail","6":"product_cat-accesorios-para-vino","7":"product_cat-hogar","8":"product_cat-regalos-de-cocina","10":"first","11":"instock","12":"taxable","13":"shipping-taxable","14":"purchasable","15":"product-type-variable"},"acf":[],"_links":{"self":[{"href":"https:\/\/rubi5.com\/staging\/wp-json\/wp\/v2\/product\/22158","targetHints":{"allow":["GET"]}}],"collection":[{"href":"https:\/\/rubi5.com\/staging\/wp-json\/wp\/v2\/product"}],"about":[{"href":"https:\/\/rubi5.com\/staging\/wp-json\/wp\/v2\/types\/product"}],"version-history":[{"count":2,"href":"https:\/\/rubi5.com\/staging\/wp-json\/wp\/v2\/product\/22158\/revisions"}],"predecessor-version":[{"id":51331,"href":"https:\/\/rubi5.com\/staging\/wp-json\/wp\/v2\/product\/22158\/revisions\/51331"}],"wp:featuredmedia":[{"embeddable":true,"href":"https:\/\/rubi5.com\/staging\/wp-json\/wp\/v2\/media\/62972"}],"wp:attachment":[{"href":"https:\/\/rubi5.com\/staging\/wp-json\/wp\/v2\/media?parent=22158"}],"wp:term":[{"taxonomy":"product_brand","embeddable":true,"href":"https:\/\/rubi5.com\/staging\/wp-json\/wp\/v2\/product_brand?post=22158"},{"taxonomy":"product_cat","embeddable":true,"href":"https:\/\/rubi5.com\/staging\/wp-json\/wp\/v2\/product_cat?post=22158"},{"taxonomy":"product_tag","embeddable":true,"href":"https:\/\/rubi5.com\/staging\/wp-json\/wp\/v2\/product_tag?post=22158"}],"curies":[{"name":"wp","href":"https:\/\/api.w.org\/{rel}","templated":true}]}}