{"id":22211,"date":"2022-12-15T10:02:05","date_gmt":"2022-12-15T08:02:05","guid":{"rendered":"https:\/\/rubi5.com\/?post_type=product&#038;p=22211"},"modified":"2025-02-11T11:36:47","modified_gmt":"2025-02-11T09:36:47","slug":"set-vinos-bribal","status":"publish","type":"product","link":"https:\/\/rubi5.com\/staging\/set-vinos-bribal\/","title":{"rendered":"Set Vinos Bribal"},"content":{"rendered":"","protected":false},"excerpt":{"rendered":"<p>Set de vinos de elegante dise\u00f1o circular con acabado en corcho natural. Accesorios de acero inox, incluye sacacorchos de 2 tiempos con cortac\u00e1psulas y abridor, tap\u00f3n, dosificador y recogegotas. Presentado en estuche individual de corcho con interior en suave espuma troquelada de color beige.<\/p>\n","protected":false},"featured_media":22293,"template":"","meta":{"_acf_changed":false},"product_brand":[],"product_cat":[374,199,928],"product_tag":[],"class_list":{"0":"post-22211","1":"product","2":"type-product","3":"status-publish","4":"has-post-thumbnail","6":"product_cat-accesorios-para-vino","7":"product_cat-hogar","8":"product_cat-regalos-de-cocina","10":"first","11":"instock","12":"taxable","13":"shipping-taxable","14":"product-type-external"},"acf":[],"_links":{"self":[{"href":"https:\/\/rubi5.com\/staging\/wp-json\/wp\/v2\/product\/22211","targetHints":{"allow":["GET"]}}],"collection":[{"href":"https:\/\/rubi5.com\/staging\/wp-json\/wp\/v2\/product"}],"about":[{"href":"https:\/\/rubi5.com\/staging\/wp-json\/wp\/v2\/types\/product"}],"version-history":[{"count":1,"href":"https:\/\/rubi5.com\/staging\/wp-json\/wp\/v2\/product\/22211\/revisions"}],"predecessor-version":[{"id":22296,"href":"https:\/\/rubi5.com\/staging\/wp-json\/wp\/v2\/product\/22211\/revisions\/22296"}],"wp:featuredmedia":[{"embeddable":true,"href":"https:\/\/rubi5.com\/staging\/wp-json\/wp\/v2\/media\/22293"}],"wp:attachment":[{"href":"https:\/\/rubi5.com\/staging\/wp-json\/wp\/v2\/media?parent=22211"}],"wp:term":[{"taxonomy":"product_brand","embeddable":true,"href":"https:\/\/rubi5.com\/staging\/wp-json\/wp\/v2\/product_brand?post=22211"},{"taxonomy":"product_cat","embeddable":true,"href":"https:\/\/rubi5.com\/staging\/wp-json\/wp\/v2\/product_cat?post=22211"},{"taxonomy":"product_tag","embeddable":true,"href":"https:\/\/rubi5.com\/staging\/wp-json\/wp\/v2\/product_tag?post=22211"}],"curies":[{"name":"wp","href":"https:\/\/api.w.org\/{rel}","templated":true}]}}