{"id":22253,"date":"2022-12-15T10:02:53","date_gmt":"2022-12-15T08:02:53","guid":{"rendered":"https:\/\/rubi5.com\/?post_type=product&#038;p=22253"},"modified":"2025-02-11T11:36:52","modified_gmt":"2025-02-11T09:36:52","slug":"set-vinos-noarek","status":"publish","type":"product","link":"https:\/\/rubi5.com\/staging\/set-vinos-noarek\/","title":{"rendered":"Set Vinos Noarek"},"content":{"rendered":"","protected":false},"excerpt":{"rendered":"<p>Completo set de vinos de sobrio acabado negro, presentado en estuche individual con interior troquelado de espuma y funda de protecci\u00f3n en blanco. Incluye recogegotas, sacacorchos en acero inox. y tap\u00f3n bomba de vac\u00edo.<\/p>\n","protected":false},"featured_media":62977,"template":"","meta":{"_acf_changed":false},"product_brand":[],"product_cat":[374,199,928],"product_tag":[],"class_list":{"0":"post-22253","1":"product","2":"type-product","3":"status-publish","4":"has-post-thumbnail","6":"product_cat-accesorios-para-vino","7":"product_cat-hogar","8":"product_cat-regalos-de-cocina","10":"first","11":"instock","12":"taxable","13":"shipping-taxable","14":"product-type-external"},"acf":[],"_links":{"self":[{"href":"https:\/\/rubi5.com\/staging\/wp-json\/wp\/v2\/product\/22253","targetHints":{"allow":["GET"]}}],"collection":[{"href":"https:\/\/rubi5.com\/staging\/wp-json\/wp\/v2\/product"}],"about":[{"href":"https:\/\/rubi5.com\/staging\/wp-json\/wp\/v2\/types\/product"}],"version-history":[{"count":2,"href":"https:\/\/rubi5.com\/staging\/wp-json\/wp\/v2\/product\/22253\/revisions"}],"predecessor-version":[{"id":67243,"href":"https:\/\/rubi5.com\/staging\/wp-json\/wp\/v2\/product\/22253\/revisions\/67243"}],"wp:featuredmedia":[{"embeddable":true,"href":"https:\/\/rubi5.com\/staging\/wp-json\/wp\/v2\/media\/62977"}],"wp:attachment":[{"href":"https:\/\/rubi5.com\/staging\/wp-json\/wp\/v2\/media?parent=22253"}],"wp:term":[{"taxonomy":"product_brand","embeddable":true,"href":"https:\/\/rubi5.com\/staging\/wp-json\/wp\/v2\/product_brand?post=22253"},{"taxonomy":"product_cat","embeddable":true,"href":"https:\/\/rubi5.com\/staging\/wp-json\/wp\/v2\/product_cat?post=22253"},{"taxonomy":"product_tag","embeddable":true,"href":"https:\/\/rubi5.com\/staging\/wp-json\/wp\/v2\/product_tag?post=22253"}],"curies":[{"name":"wp","href":"https:\/\/api.w.org\/{rel}","templated":true}]}}