{"id":22419,"date":"2022-12-15T10:05:48","date_gmt":"2022-12-15T08:05:48","guid":{"rendered":"https:\/\/rubi5.com\/?post_type=product&#038;p=22419"},"modified":"2025-05-19T07:38:15","modified_gmt":"2025-05-19T05:38:15","slug":"parasol-belgiox","status":"publish","type":"product","link":"https:\/\/rubi5.com\/staging\/parasol-belgiox\/","title":{"rendered":"Parasol Belgiox"},"content":{"rendered":"","protected":false},"excerpt":{"rendered":"<p>Parasol en aluminio con burbuja en ambas caras en color plateado de acabado metalizado con ribetes en color negro. De tama\u00f1o maxi 180x90cm, con argollas met\u00e1licas de refuerzo, cintas el\u00e1sticas para plegado, dos ventosas para ajuste en luna y presentaci\u00f3n desplegado en plancha para f\u00e1cil impresi\u00f3n.<\/p>\n","protected":false},"featured_media":62639,"template":"","meta":{"_acf_changed":false},"product_brand":[],"product_cat":[947,376,726],"product_tag":[],"class_list":{"0":"post-22419","1":"product","2":"type-product","3":"status-publish","4":"has-post-thumbnail","6":"product_cat-parasoles-personalizados","7":"product_cat-accesorios-de-automovil","8":"product_cat-accesorios-y-regalos","10":"first","11":"instock","12":"taxable","13":"shipping-taxable","14":"product-type-external"},"acf":[],"_links":{"self":[{"href":"https:\/\/rubi5.com\/staging\/wp-json\/wp\/v2\/product\/22419","targetHints":{"allow":["GET"]}}],"collection":[{"href":"https:\/\/rubi5.com\/staging\/wp-json\/wp\/v2\/product"}],"about":[{"href":"https:\/\/rubi5.com\/staging\/wp-json\/wp\/v2\/types\/product"}],"version-history":[{"count":1,"href":"https:\/\/rubi5.com\/staging\/wp-json\/wp\/v2\/product\/22419\/revisions"}],"predecessor-version":[{"id":22492,"href":"https:\/\/rubi5.com\/staging\/wp-json\/wp\/v2\/product\/22419\/revisions\/22492"}],"wp:featuredmedia":[{"embeddable":true,"href":"https:\/\/rubi5.com\/staging\/wp-json\/wp\/v2\/media\/62639"}],"wp:attachment":[{"href":"https:\/\/rubi5.com\/staging\/wp-json\/wp\/v2\/media?parent=22419"}],"wp:term":[{"taxonomy":"product_brand","embeddable":true,"href":"https:\/\/rubi5.com\/staging\/wp-json\/wp\/v2\/product_brand?post=22419"},{"taxonomy":"product_cat","embeddable":true,"href":"https:\/\/rubi5.com\/staging\/wp-json\/wp\/v2\/product_cat?post=22419"},{"taxonomy":"product_tag","embeddable":true,"href":"https:\/\/rubi5.com\/staging\/wp-json\/wp\/v2\/product_tag?post=22419"}],"curies":[{"name":"wp","href":"https:\/\/api.w.org\/{rel}","templated":true}]}}