{"id":22442,"date":"2022-12-15T10:06:11","date_gmt":"2022-12-15T08:06:11","guid":{"rendered":"https:\/\/rubi5.com\/?post_type=product&#038;p=22442"},"modified":"2026-01-21T11:20:46","modified_gmt":"2026-01-21T09:20:46","slug":"flexometro-grade-3m","status":"publish","type":"product","link":"https:\/\/rubi5.com\/staging\/flexometro-grade-3m\/","title":{"rendered":"Flex\u00f3metro Grade 3m"},"content":{"rendered":"","protected":false},"excerpt":{"rendered":"<p>Flex\u00f3metro de 3 metros con cuchilla met\u00e1lica y mecanismo de bloqueo. Con cuerpo de suave acabado en variados colores, recubierto con funda protectora de resistente goma, clip met\u00e1lico para cintur\u00f3n y cinta de transporte. Con troquelado especial para marcaje en doming\/gota de resina y presentado en caja individual.<\/p>\n","protected":false},"featured_media":62954,"template":"","meta":{"_acf_changed":false},"product_brand":[],"product_cat":[987,377,199],"product_tag":[],"class_list":{"0":"post-22442","1":"product","2":"type-product","3":"status-publish","4":"has-post-thumbnail","6":"product_cat-flexometros","7":"product_cat-herramientas-personalizadas","8":"product_cat-hogar","10":"first","11":"instock","12":"taxable","13":"shipping-taxable","14":"purchasable","15":"product-type-variable"},"acf":[],"_links":{"self":[{"href":"https:\/\/rubi5.com\/staging\/wp-json\/wp\/v2\/product\/22442","targetHints":{"allow":["GET"]}}],"collection":[{"href":"https:\/\/rubi5.com\/staging\/wp-json\/wp\/v2\/product"}],"about":[{"href":"https:\/\/rubi5.com\/staging\/wp-json\/wp\/v2\/types\/product"}],"version-history":[{"count":1,"href":"https:\/\/rubi5.com\/staging\/wp-json\/wp\/v2\/product\/22442\/revisions"}],"predecessor-version":[{"id":22528,"href":"https:\/\/rubi5.com\/staging\/wp-json\/wp\/v2\/product\/22442\/revisions\/22528"}],"wp:featuredmedia":[{"embeddable":true,"href":"https:\/\/rubi5.com\/staging\/wp-json\/wp\/v2\/media\/62954"}],"wp:attachment":[{"href":"https:\/\/rubi5.com\/staging\/wp-json\/wp\/v2\/media?parent=22442"}],"wp:term":[{"taxonomy":"product_brand","embeddable":true,"href":"https:\/\/rubi5.com\/staging\/wp-json\/wp\/v2\/product_brand?post=22442"},{"taxonomy":"product_cat","embeddable":true,"href":"https:\/\/rubi5.com\/staging\/wp-json\/wp\/v2\/product_cat?post=22442"},{"taxonomy":"product_tag","embeddable":true,"href":"https:\/\/rubi5.com\/staging\/wp-json\/wp\/v2\/product_tag?post=22442"}],"curies":[{"name":"wp","href":"https:\/\/api.w.org\/{rel}","templated":true}]}}