{"id":22594,"date":"2022-12-15T10:08:59","date_gmt":"2022-12-15T08:08:59","guid":{"rendered":"https:\/\/rubi5.com\/?post_type=product&#038;p=22594"},"modified":"2026-01-15T19:13:55","modified_gmt":"2026-01-15T17:13:55","slug":"navaja-thiam","status":"publish","type":"product","link":"https:\/\/rubi5.com\/staging\/navaja-thiam\/","title":{"rendered":"Navaja Thiam"},"content":{"rendered":"","protected":false},"excerpt":{"rendered":"<p>Navaja de alta calidad con hoja en acero inoxidable de color oscuro y empu\u00f1adura en acero inoxidable troquelada con bloqueo de seguridad. En variada gama de vivos colores y presentada en caja individual.<\/p>\n<p>Una navaja puede ser un regalo interesante para agricultores y personas que trabajan en el campo. Si no quieres entregar el t\u00edpico bol\u00edgrafo publicitario, y te quieres diferenciar, apuesta por una de nuestras navajas. Son econ\u00f3micas y de muy buena calidad.<\/p>\n","protected":false},"featured_media":56672,"template":"","meta":{"_acf_changed":false},"product_brand":[],"product_cat":[377,199,378],"product_tag":[],"class_list":{"0":"post-22594","1":"product","2":"type-product","3":"status-publish","4":"has-post-thumbnail","6":"product_cat-herramientas-personalizadas","7":"product_cat-hogar","8":"product_cat-navajas-personalizadas","10":"first","11":"instock","12":"taxable","13":"shipping-taxable","14":"purchasable","15":"product-type-variable"},"acf":[],"_links":{"self":[{"href":"https:\/\/rubi5.com\/staging\/wp-json\/wp\/v2\/product\/22594","targetHints":{"allow":["GET"]}}],"collection":[{"href":"https:\/\/rubi5.com\/staging\/wp-json\/wp\/v2\/product"}],"about":[{"href":"https:\/\/rubi5.com\/staging\/wp-json\/wp\/v2\/types\/product"}],"version-history":[{"count":3,"href":"https:\/\/rubi5.com\/staging\/wp-json\/wp\/v2\/product\/22594\/revisions"}],"predecessor-version":[{"id":56677,"href":"https:\/\/rubi5.com\/staging\/wp-json\/wp\/v2\/product\/22594\/revisions\/56677"}],"wp:featuredmedia":[{"embeddable":true,"href":"https:\/\/rubi5.com\/staging\/wp-json\/wp\/v2\/media\/56672"}],"wp:attachment":[{"href":"https:\/\/rubi5.com\/staging\/wp-json\/wp\/v2\/media?parent=22594"}],"wp:term":[{"taxonomy":"product_brand","embeddable":true,"href":"https:\/\/rubi5.com\/staging\/wp-json\/wp\/v2\/product_brand?post=22594"},{"taxonomy":"product_cat","embeddable":true,"href":"https:\/\/rubi5.com\/staging\/wp-json\/wp\/v2\/product_cat?post=22594"},{"taxonomy":"product_tag","embeddable":true,"href":"https:\/\/rubi5.com\/staging\/wp-json\/wp\/v2\/product_tag?post=22594"}],"curies":[{"name":"wp","href":"https:\/\/api.w.org\/{rel}","templated":true}]}}