{"id":22632,"date":"2022-12-15T10:09:52","date_gmt":"2022-12-15T08:09:52","guid":{"rendered":"https:\/\/rubi5.com\/?post_type=product&#038;p=22632"},"modified":"2026-01-15T19:12:10","modified_gmt":"2026-01-15T17:12:10","slug":"navaja-sultan","status":"publish","type":"product","link":"https:\/\/rubi5.com\/staging\/navaja-sultan\/","title":{"rendered":"Navaja Sultan"},"content":{"rendered":"","protected":false},"excerpt":{"rendered":"<p>Navaja de l\u00ednea nature con hoja de acero inox y resistente empu\u00f1adura de bamb\u00fa con bloqueo de seguridad. Con cinta para transporte en polipiel y presentada en caja individual.<\/p>\n<p>Una navaja muy \u00fatil y un regalo que podr\u00eda interesaros si sois de una asociaci\u00f3n de caza o relacionada con alguna actividad al aire libre. Incluso si sois de los socuts, una navaja multiusos podr\u00eda seros \u00fatil. Escribid una frase que os inspire y repartid esta navaja personalizada entre los componentes de la asociaci\u00f3n.<\/p>\n","protected":false},"featured_media":56674,"template":"","meta":{"_acf_changed":false},"product_brand":[],"product_cat":[377,199,378],"product_tag":[],"class_list":{"0":"post-22632","1":"product","2":"type-product","3":"status-publish","4":"has-post-thumbnail","6":"product_cat-herramientas-personalizadas","7":"product_cat-hogar","8":"product_cat-navajas-personalizadas","10":"first","11":"instock","12":"taxable","13":"shipping-taxable","14":"purchasable","15":"product-type-simple"},"acf":[],"_links":{"self":[{"href":"https:\/\/rubi5.com\/staging\/wp-json\/wp\/v2\/product\/22632","targetHints":{"allow":["GET"]}}],"collection":[{"href":"https:\/\/rubi5.com\/staging\/wp-json\/wp\/v2\/product"}],"about":[{"href":"https:\/\/rubi5.com\/staging\/wp-json\/wp\/v2\/types\/product"}],"version-history":[{"count":3,"href":"https:\/\/rubi5.com\/staging\/wp-json\/wp\/v2\/product\/22632\/revisions"}],"predecessor-version":[{"id":56681,"href":"https:\/\/rubi5.com\/staging\/wp-json\/wp\/v2\/product\/22632\/revisions\/56681"}],"wp:featuredmedia":[{"embeddable":true,"href":"https:\/\/rubi5.com\/staging\/wp-json\/wp\/v2\/media\/56674"}],"wp:attachment":[{"href":"https:\/\/rubi5.com\/staging\/wp-json\/wp\/v2\/media?parent=22632"}],"wp:term":[{"taxonomy":"product_brand","embeddable":true,"href":"https:\/\/rubi5.com\/staging\/wp-json\/wp\/v2\/product_brand?post=22632"},{"taxonomy":"product_cat","embeddable":true,"href":"https:\/\/rubi5.com\/staging\/wp-json\/wp\/v2\/product_cat?post=22632"},{"taxonomy":"product_tag","embeddable":true,"href":"https:\/\/rubi5.com\/staging\/wp-json\/wp\/v2\/product_tag?post=22632"}],"curies":[{"name":"wp","href":"https:\/\/api.w.org\/{rel}","templated":true}]}}