{"id":22840,"date":"2022-12-15T15:17:10","date_gmt":"2022-12-15T13:17:10","guid":{"rendered":"https:\/\/rubi5.com\/?post_type=product&#038;p=22840"},"modified":"2026-01-21T20:26:05","modified_gmt":"2026-01-21T18:26:05","slug":"vaso-plegable-berty","status":"publish","type":"product","link":"https:\/\/rubi5.com\/staging\/vaso-plegable-berty\/","title":{"rendered":"Vaso Plegable Berty"},"content":{"rendered":"","protected":false},"excerpt":{"rendered":"<p>Original vaso plegable para emergencias en elegante color blanco. De 220ml de capacidad y pastillero con tapa integrado en el tap\u00f3n. Con mosquet\u00f3n met\u00e1lico de transporte.<\/p>\n<p>Este pastillero multifunci\u00f3n podr\u00eda ser uno de los detalles pr\u00e1cticos perfectos para repartir dentro de un neceser que podr\u00e1s dar a los nuevos residentes en una residencia de ancianos. La medicaci\u00f3n es algo com\u00fan en estos lugares, por lo que podr\u00eda ser un detalle \u00fatil, acompa\u00f1ado de otros productos como un peine o un cepillo de dientes.<\/p>\n<p>\u00c1rea m\u00e1xima de personalizaci\u00f3n: 4,5 x 4,5 cm<\/p>\n","protected":false},"featured_media":22919,"template":"","meta":{"_acf_changed":false},"product_brand":[],"product_cat":[381,187],"product_tag":[],"class_list":{"0":"post-22840","1":"product","2":"type-product","3":"status-publish","4":"has-post-thumbnail","6":"product_cat-pastilleros-personalizados","7":"product_cat-salud-y-bienestar","9":"first","10":"instock","11":"taxable","12":"shipping-taxable","13":"purchasable","14":"product-type-variable"},"acf":[],"_links":{"self":[{"href":"https:\/\/rubi5.com\/staging\/wp-json\/wp\/v2\/product\/22840","targetHints":{"allow":["GET"]}}],"collection":[{"href":"https:\/\/rubi5.com\/staging\/wp-json\/wp\/v2\/product"}],"about":[{"href":"https:\/\/rubi5.com\/staging\/wp-json\/wp\/v2\/types\/product"}],"version-history":[{"count":3,"href":"https:\/\/rubi5.com\/staging\/wp-json\/wp\/v2\/product\/22840\/revisions"}],"predecessor-version":[{"id":56598,"href":"https:\/\/rubi5.com\/staging\/wp-json\/wp\/v2\/product\/22840\/revisions\/56598"}],"wp:featuredmedia":[{"embeddable":true,"href":"https:\/\/rubi5.com\/staging\/wp-json\/wp\/v2\/media\/22919"}],"wp:attachment":[{"href":"https:\/\/rubi5.com\/staging\/wp-json\/wp\/v2\/media?parent=22840"}],"wp:term":[{"taxonomy":"product_brand","embeddable":true,"href":"https:\/\/rubi5.com\/staging\/wp-json\/wp\/v2\/product_brand?post=22840"},{"taxonomy":"product_cat","embeddable":true,"href":"https:\/\/rubi5.com\/staging\/wp-json\/wp\/v2\/product_cat?post=22840"},{"taxonomy":"product_tag","embeddable":true,"href":"https:\/\/rubi5.com\/staging\/wp-json\/wp\/v2\/product_tag?post=22840"}],"curies":[{"name":"wp","href":"https:\/\/api.w.org\/{rel}","templated":true}]}}