{"id":22842,"date":"2022-12-15T15:17:10","date_gmt":"2022-12-15T13:17:10","guid":{"rendered":"https:\/\/rubi5.com\/?post_type=product&#038;p=22842"},"modified":"2026-01-21T20:26:05","modified_gmt":"2026-01-21T18:26:05","slug":"cepillo-dientes-cleidol","status":"publish","type":"product","link":"https:\/\/rubi5.com\/staging\/cepillo-dientes-cleidol\/","title":{"rendered":"Cepillo Dientes Cleidol"},"content":{"rendered":"","protected":false},"excerpt":{"rendered":"<p>Cepillo de dientes de l\u00ednea nature. Fabricado en ca\u00f1a de trigo, para as\u00ed fomentar la utilizaci\u00f3n de materias primas naturales y reducir las emisiones contaminantes. Con capucha de protecci\u00f3n.<\/p>\n<p>La mayor\u00eda de cepillos de dientes no tienen una tapa de protecci\u00f3n, por lo que este cepillo es una buena opci\u00f3n. Pr\u00e1ctico, higi\u00e9nico y ecol\u00f3gico, adem\u00e1s de ser un regalo promocional barato.<\/p>\n","protected":false},"featured_media":56640,"template":"","meta":{"_acf_changed":false},"product_brand":[],"product_cat":[923,187],"product_tag":[],"class_list":{"0":"post-22842","1":"product","2":"type-product","3":"status-publish","4":"has-post-thumbnail","6":"product_cat-cepillos-de-dientes","7":"product_cat-salud-y-bienestar","9":"first","10":"instock","11":"taxable","12":"shipping-taxable","13":"purchasable","14":"product-type-variable"},"acf":[],"_links":{"self":[{"href":"https:\/\/rubi5.com\/staging\/wp-json\/wp\/v2\/product\/22842","targetHints":{"allow":["GET"]}}],"collection":[{"href":"https:\/\/rubi5.com\/staging\/wp-json\/wp\/v2\/product"}],"about":[{"href":"https:\/\/rubi5.com\/staging\/wp-json\/wp\/v2\/types\/product"}],"version-history":[{"count":3,"href":"https:\/\/rubi5.com\/staging\/wp-json\/wp\/v2\/product\/22842\/revisions"}],"predecessor-version":[{"id":56642,"href":"https:\/\/rubi5.com\/staging\/wp-json\/wp\/v2\/product\/22842\/revisions\/56642"}],"wp:featuredmedia":[{"embeddable":true,"href":"https:\/\/rubi5.com\/staging\/wp-json\/wp\/v2\/media\/56640"}],"wp:attachment":[{"href":"https:\/\/rubi5.com\/staging\/wp-json\/wp\/v2\/media?parent=22842"}],"wp:term":[{"taxonomy":"product_brand","embeddable":true,"href":"https:\/\/rubi5.com\/staging\/wp-json\/wp\/v2\/product_brand?post=22842"},{"taxonomy":"product_cat","embeddable":true,"href":"https:\/\/rubi5.com\/staging\/wp-json\/wp\/v2\/product_cat?post=22842"},{"taxonomy":"product_tag","embeddable":true,"href":"https:\/\/rubi5.com\/staging\/wp-json\/wp\/v2\/product_tag?post=22842"}],"curies":[{"name":"wp","href":"https:\/\/api.w.org\/{rel}","templated":true}]}}