{"id":22868,"date":"2022-12-15T15:17:42","date_gmt":"2022-12-15T13:17:42","guid":{"rendered":"https:\/\/rubi5.com\/?post_type=product&#038;p=22868"},"modified":"2026-01-21T20:26:05","modified_gmt":"2026-01-21T18:26:05","slug":"cepillo-dientes-lencix","status":"publish","type":"product","link":"https:\/\/rubi5.com\/staging\/cepillo-dientes-lencix\/","title":{"rendered":"Cepillo Dientes Lencix"},"content":{"rendered":"","protected":false},"excerpt":{"rendered":"<p>Cepillo de dientes de l\u00ednea nature. Fabricado en bamb\u00fa y presentado en caja individual de dise\u00f1o eco.<\/p>\n<p>Un cepillo de dientes personalizado podr\u00eda ser un regalo perfecto para cualquier persona y en cualquier momento. No es un art\u00edculo estacional y adem\u00e1s es muy \u00fatil para dejar en casa o llevar de viaje.<\/p>\n<p>Si tienes un hotel, este cepillo de dientes ser\u00e1 un regalo perfecto para dejar en el ba\u00f1o de las habitaciones. Personal\u00edzalo con el nombre del hotel y regala un accesorio muy pr\u00e1ctico y que quiz\u00e1s m\u00e1s de uno haya olvidado en casa.<\/p>\n","protected":false},"featured_media":56636,"template":"","meta":{"_acf_changed":false},"product_brand":[],"product_cat":[923,187],"product_tag":[],"class_list":{"0":"post-22868","1":"product","2":"type-product","3":"status-publish","4":"has-post-thumbnail","6":"product_cat-cepillos-de-dientes","7":"product_cat-salud-y-bienestar","9":"first","10":"instock","11":"taxable","12":"shipping-taxable","13":"purchasable","14":"product-type-variable"},"acf":[],"_links":{"self":[{"href":"https:\/\/rubi5.com\/staging\/wp-json\/wp\/v2\/product\/22868","targetHints":{"allow":["GET"]}}],"collection":[{"href":"https:\/\/rubi5.com\/staging\/wp-json\/wp\/v2\/product"}],"about":[{"href":"https:\/\/rubi5.com\/staging\/wp-json\/wp\/v2\/types\/product"}],"version-history":[{"count":3,"href":"https:\/\/rubi5.com\/staging\/wp-json\/wp\/v2\/product\/22868\/revisions"}],"predecessor-version":[{"id":56639,"href":"https:\/\/rubi5.com\/staging\/wp-json\/wp\/v2\/product\/22868\/revisions\/56639"}],"wp:featuredmedia":[{"embeddable":true,"href":"https:\/\/rubi5.com\/staging\/wp-json\/wp\/v2\/media\/56636"}],"wp:attachment":[{"href":"https:\/\/rubi5.com\/staging\/wp-json\/wp\/v2\/media?parent=22868"}],"wp:term":[{"taxonomy":"product_brand","embeddable":true,"href":"https:\/\/rubi5.com\/staging\/wp-json\/wp\/v2\/product_brand?post=22868"},{"taxonomy":"product_cat","embeddable":true,"href":"https:\/\/rubi5.com\/staging\/wp-json\/wp\/v2\/product_cat?post=22868"},{"taxonomy":"product_tag","embeddable":true,"href":"https:\/\/rubi5.com\/staging\/wp-json\/wp\/v2\/product_tag?post=22868"}],"curies":[{"name":"wp","href":"https:\/\/api.w.org\/{rel}","templated":true}]}}