{"id":22886,"date":"2022-12-15T15:18:16","date_gmt":"2022-12-15T13:18:16","guid":{"rendered":"https:\/\/rubi5.com\/?post_type=product&#038;p=22886"},"modified":"2026-01-22T11:14:32","modified_gmt":"2026-01-22T09:14:32","slug":"espejo-gradiox","status":"publish","type":"product","link":"https:\/\/rubi5.com\/staging\/espejo-gradiox\/","title":{"rendered":"Espejo Gradiox"},"content":{"rendered":"","protected":false},"excerpt":{"rendered":"<p>Espejo plegable de l\u00ednea nature fabricado en ca\u00f1a de trigo, para as\u00ed fomentar la utilizaci\u00f3n de materias primas naturales y reducir las emisiones contaminantes.<\/p>\n<p>Un espejo personalizado con el logo de tu farmacia, es un detalle publicitario ideal para entregar a tus clientes con cada compra. Y si adem\u00e1s entregas una publicidad respetuosa con el medio ambiente, estar\u00e1s dando una buena imagen de marca.<\/p>\n","protected":false},"featured_media":62905,"template":"","meta":{"_acf_changed":false},"product_brand":[],"product_cat":[962,187],"product_tag":[],"class_list":{"0":"post-22886","1":"product","2":"type-product","3":"status-publish","4":"has-post-thumbnail","6":"product_cat-espejos-de-bolsillo-personalizados","7":"product_cat-salud-y-bienestar","9":"first","10":"instock","11":"taxable","12":"shipping-taxable","13":"purchasable","14":"product-type-variable"},"acf":[],"_links":{"self":[{"href":"https:\/\/rubi5.com\/staging\/wp-json\/wp\/v2\/product\/22886","targetHints":{"allow":["GET"]}}],"collection":[{"href":"https:\/\/rubi5.com\/staging\/wp-json\/wp\/v2\/product"}],"about":[{"href":"https:\/\/rubi5.com\/staging\/wp-json\/wp\/v2\/types\/product"}],"version-history":[{"count":4,"href":"https:\/\/rubi5.com\/staging\/wp-json\/wp\/v2\/product\/22886\/revisions"}],"predecessor-version":[{"id":56635,"href":"https:\/\/rubi5.com\/staging\/wp-json\/wp\/v2\/product\/22886\/revisions\/56635"}],"wp:featuredmedia":[{"embeddable":true,"href":"https:\/\/rubi5.com\/staging\/wp-json\/wp\/v2\/media\/62905"}],"wp:attachment":[{"href":"https:\/\/rubi5.com\/staging\/wp-json\/wp\/v2\/media?parent=22886"}],"wp:term":[{"taxonomy":"product_brand","embeddable":true,"href":"https:\/\/rubi5.com\/staging\/wp-json\/wp\/v2\/product_brand?post=22886"},{"taxonomy":"product_cat","embeddable":true,"href":"https:\/\/rubi5.com\/staging\/wp-json\/wp\/v2\/product_cat?post=22886"},{"taxonomy":"product_tag","embeddable":true,"href":"https:\/\/rubi5.com\/staging\/wp-json\/wp\/v2\/product_tag?post=22886"}],"curies":[{"name":"wp","href":"https:\/\/api.w.org\/{rel}","templated":true}]}}