{"id":22888,"date":"2022-12-15T15:18:16","date_gmt":"2022-12-15T13:18:16","guid":{"rendered":"https:\/\/rubi5.com\/?post_type=product&#038;p=22888"},"modified":"2026-01-21T20:23:51","modified_gmt":"2026-01-21T18:23:51","slug":"espejo-alunax","status":"publish","type":"product","link":"https:\/\/rubi5.com\/staging\/espejo-alunax\/","title":{"rendered":"Espejo Alunax"},"content":{"rendered":"","protected":false},"excerpt":{"rendered":"<p>Espejo plegable de l\u00ednea nature. De corcho natural y metal cromado. Dos espejos interiores: 1X \/ 2X. Tendr\u00e1s un espejo doble en el que uno de los espejos es m\u00e1s ampliado que el otro, lo que lo hace un espejo publicitario de lo m\u00e1s \u00fatil. Presentado en atractiva caja individual de dise\u00f1o eco.<\/p>\n","protected":false},"featured_media":62903,"template":"","meta":{"_acf_changed":false},"product_brand":[],"product_cat":[962,187],"product_tag":[],"class_list":{"0":"post-22888","1":"product","2":"type-product","3":"status-publish","4":"has-post-thumbnail","6":"product_cat-espejos-de-bolsillo-personalizados","7":"product_cat-salud-y-bienestar","9":"first","10":"instock","11":"taxable","12":"shipping-taxable","13":"product-type-variable"},"acf":[],"_links":{"self":[{"href":"https:\/\/rubi5.com\/staging\/wp-json\/wp\/v2\/product\/22888","targetHints":{"allow":["GET"]}}],"collection":[{"href":"https:\/\/rubi5.com\/staging\/wp-json\/wp\/v2\/product"}],"about":[{"href":"https:\/\/rubi5.com\/staging\/wp-json\/wp\/v2\/types\/product"}],"version-history":[{"count":3,"href":"https:\/\/rubi5.com\/staging\/wp-json\/wp\/v2\/product\/22888\/revisions"}],"predecessor-version":[{"id":56629,"href":"https:\/\/rubi5.com\/staging\/wp-json\/wp\/v2\/product\/22888\/revisions\/56629"}],"wp:featuredmedia":[{"embeddable":true,"href":"https:\/\/rubi5.com\/staging\/wp-json\/wp\/v2\/media\/62903"}],"wp:attachment":[{"href":"https:\/\/rubi5.com\/staging\/wp-json\/wp\/v2\/media?parent=22888"}],"wp:term":[{"taxonomy":"product_brand","embeddable":true,"href":"https:\/\/rubi5.com\/staging\/wp-json\/wp\/v2\/product_brand?post=22888"},{"taxonomy":"product_cat","embeddable":true,"href":"https:\/\/rubi5.com\/staging\/wp-json\/wp\/v2\/product_cat?post=22888"},{"taxonomy":"product_tag","embeddable":true,"href":"https:\/\/rubi5.com\/staging\/wp-json\/wp\/v2\/product_tag?post=22888"}],"curies":[{"name":"wp","href":"https:\/\/api.w.org\/{rel}","templated":true}]}}