{"id":22905,"date":"2022-12-15T15:18:39","date_gmt":"2022-12-15T13:18:39","guid":{"rendered":"https:\/\/rubi5.com\/?post_type=product&#038;p=22905"},"modified":"2026-01-22T11:12:15","modified_gmt":"2026-01-22T09:12:15","slug":"llavero-pastillero-alumpill","status":"publish","type":"product","link":"https:\/\/rubi5.com\/staging\/llavero-pastillero-alumpill\/","title":{"rendered":"Llavero Pastillero Alumpill"},"content":{"rendered":"","protected":false},"excerpt":{"rendered":"<p>Llavero pastillero de aluminio, con acabado brillante y cierre a rosca, para tener tus pastillas siempre bien guardadas.<\/p>\n<p>Un llavero diferente y muy \u00fatil para personas mayores que pueden tener m\u00e1s facilidad para olvidar su pastillero en casa. Personaliza el cuerpo de este llavero con el logo de tu empresa, sobre todo si es una farmac\u00e9utica. Puede ser el regalo perfecto para que los comerciales de tu empresa lo lleven y repartan en cada visita a hospitales y cl\u00ednicas.<\/p>\n<p>\u00c1rea m\u00e1xima de personalizaci\u00f3n: 2 x 0,6 cm<\/p>\n","protected":false},"featured_media":57921,"template":"","meta":{"_acf_changed":false},"product_brand":[],"product_cat":[381,187],"product_tag":[],"class_list":{"0":"post-22905","1":"product","2":"type-product","3":"status-publish","4":"has-post-thumbnail","6":"product_cat-pastilleros-personalizados","7":"product_cat-salud-y-bienestar","9":"first","10":"instock","11":"taxable","12":"shipping-taxable","13":"product-type-variable"},"acf":[],"_links":{"self":[{"href":"https:\/\/rubi5.com\/staging\/wp-json\/wp\/v2\/product\/22905","targetHints":{"allow":["GET"]}}],"collection":[{"href":"https:\/\/rubi5.com\/staging\/wp-json\/wp\/v2\/product"}],"about":[{"href":"https:\/\/rubi5.com\/staging\/wp-json\/wp\/v2\/types\/product"}],"version-history":[{"count":4,"href":"https:\/\/rubi5.com\/staging\/wp-json\/wp\/v2\/product\/22905\/revisions"}],"predecessor-version":[{"id":56594,"href":"https:\/\/rubi5.com\/staging\/wp-json\/wp\/v2\/product\/22905\/revisions\/56594"}],"wp:featuredmedia":[{"embeddable":true,"href":"https:\/\/rubi5.com\/staging\/wp-json\/wp\/v2\/media\/57921"}],"wp:attachment":[{"href":"https:\/\/rubi5.com\/staging\/wp-json\/wp\/v2\/media?parent=22905"}],"wp:term":[{"taxonomy":"product_brand","embeddable":true,"href":"https:\/\/rubi5.com\/staging\/wp-json\/wp\/v2\/product_brand?post=22905"},{"taxonomy":"product_cat","embeddable":true,"href":"https:\/\/rubi5.com\/staging\/wp-json\/wp\/v2\/product_cat?post=22905"},{"taxonomy":"product_tag","embeddable":true,"href":"https:\/\/rubi5.com\/staging\/wp-json\/wp\/v2\/product_tag?post=22905"}],"curies":[{"name":"wp","href":"https:\/\/api.w.org\/{rel}","templated":true}]}}