{"id":22911,"date":"2022-12-15T15:18:40","date_gmt":"2022-12-15T13:18:40","guid":{"rendered":"https:\/\/rubi5.com\/?post_type=product&#038;p=22911"},"modified":"2026-01-22T11:12:14","modified_gmt":"2026-01-22T09:12:14","slug":"pastillero-edmor","status":"publish","type":"product","link":"https:\/\/rubi5.com\/staging\/pastillero-edmor\/","title":{"rendered":"Pastillero Edmor"},"content":{"rendered":"","protected":false},"excerpt":{"rendered":"<p>Pastillero de 4 compartimentos en material ABS de acabado transl\u00facido y libre de BPA. Un art\u00edculo publicitario ecol\u00f3gico, siempre es una buena opci\u00f3n, sobre todo cuando tratamos con productos de consumo.<\/p>\n<p>Este pastillero personalizado tiene una tapa individual para compartimento. Podr\u00e1s personalizar una de esas tapas con tu logo en peque\u00f1ito. Es una muy buena opci\u00f3n grabar tu logo en peque\u00f1o, ya que tus clientes usar\u00e1n tu art\u00edculo sin reparar en el logo, pero a la vez estar\u00e1 vi\u00e9ndolo siempre. Aumenta as\u00ed la notoriedad de tu marca.<\/p>\n<p>\u00c1rea m\u00e1xima de personalizaci\u00f3n: 1,7 x 1,7 cm.<\/p>\n","protected":false},"featured_media":62058,"template":"","meta":{"_acf_changed":false},"product_brand":[],"product_cat":[381,187],"product_tag":[],"class_list":{"0":"post-22911","1":"product","2":"type-product","3":"status-publish","4":"has-post-thumbnail","6":"product_cat-pastilleros-personalizados","7":"product_cat-salud-y-bienestar","9":"first","10":"instock","11":"taxable","12":"shipping-taxable","13":"product-type-variable"},"acf":[],"_links":{"self":[{"href":"https:\/\/rubi5.com\/staging\/wp-json\/wp\/v2\/product\/22911","targetHints":{"allow":["GET"]}}],"collection":[{"href":"https:\/\/rubi5.com\/staging\/wp-json\/wp\/v2\/product"}],"about":[{"href":"https:\/\/rubi5.com\/staging\/wp-json\/wp\/v2\/types\/product"}],"version-history":[{"count":3,"href":"https:\/\/rubi5.com\/staging\/wp-json\/wp\/v2\/product\/22911\/revisions"}],"predecessor-version":[{"id":56587,"href":"https:\/\/rubi5.com\/staging\/wp-json\/wp\/v2\/product\/22911\/revisions\/56587"}],"wp:featuredmedia":[{"embeddable":true,"href":"https:\/\/rubi5.com\/staging\/wp-json\/wp\/v2\/media\/62058"}],"wp:attachment":[{"href":"https:\/\/rubi5.com\/staging\/wp-json\/wp\/v2\/media?parent=22911"}],"wp:term":[{"taxonomy":"product_brand","embeddable":true,"href":"https:\/\/rubi5.com\/staging\/wp-json\/wp\/v2\/product_brand?post=22911"},{"taxonomy":"product_cat","embeddable":true,"href":"https:\/\/rubi5.com\/staging\/wp-json\/wp\/v2\/product_cat?post=22911"},{"taxonomy":"product_tag","embeddable":true,"href":"https:\/\/rubi5.com\/staging\/wp-json\/wp\/v2\/product_tag?post=22911"}],"curies":[{"name":"wp","href":"https:\/\/api.w.org\/{rel}","templated":true}]}}