{"id":22913,"date":"2022-12-15T15:18:40","date_gmt":"2022-12-15T13:18:40","guid":{"rendered":"https:\/\/rubi5.com\/?post_type=product&#038;p=22913"},"modified":"2026-01-22T11:12:14","modified_gmt":"2026-01-22T09:12:14","slug":"pastillero-varsum","status":"publish","type":"product","link":"https:\/\/rubi5.com\/staging\/pastillero-varsum\/","title":{"rendered":"Pastillero Varsum"},"content":{"rendered":"","protected":false},"excerpt":{"rendered":"<p>Pastillero fabricado en fibra de bamb\u00fa. Con 3 compartimentos y cierre de seguridad con solo una tapa. En su interior dispone de 3 zonas separadas, donde podr\u00e1s organizar tu medicaci\u00f3n.<\/p>\n<p>Este pastillero forma parte de nuestra l\u00ednea de art\u00edculos ecol\u00f3gicos. Siempre es una acierto hacer un regalo de materiales naturales como el bamb\u00fa. Cada vez m\u00e1s art\u00edculos est\u00e1n fabricados en materiales ecofriendly, y m\u00e1s empresas piden directamente la versi\u00f3n ecol\u00f3gica de todo el merchandising.<\/p>\n<p>\u00bfTienes una farmacia y buscas un art\u00edculo que no sea el t\u00edpico, y que est\u00e9 relacionado con tu empresa? Entonces un pastillero publicitario podr\u00eda ser tu regalo perfecto.<\/p>\n<p>\u00c1rea m\u00e1xima de personalizaci\u00f3n: 4 x 2,5 cm<\/p>\n","protected":false},"featured_media":62061,"template":"","meta":{"_acf_changed":false},"product_brand":[],"product_cat":[381,187],"product_tag":[],"class_list":{"0":"post-22913","1":"product","2":"type-product","3":"status-publish","4":"has-post-thumbnail","6":"product_cat-pastilleros-personalizados","7":"product_cat-salud-y-bienestar","9":"first","10":"instock","11":"taxable","12":"shipping-taxable","13":"product-type-variable"},"acf":[],"_links":{"self":[{"href":"https:\/\/rubi5.com\/staging\/wp-json\/wp\/v2\/product\/22913","targetHints":{"allow":["GET"]}}],"collection":[{"href":"https:\/\/rubi5.com\/staging\/wp-json\/wp\/v2\/product"}],"about":[{"href":"https:\/\/rubi5.com\/staging\/wp-json\/wp\/v2\/types\/product"}],"version-history":[{"count":3,"href":"https:\/\/rubi5.com\/staging\/wp-json\/wp\/v2\/product\/22913\/revisions"}],"predecessor-version":[{"id":56590,"href":"https:\/\/rubi5.com\/staging\/wp-json\/wp\/v2\/product\/22913\/revisions\/56590"}],"wp:featuredmedia":[{"embeddable":true,"href":"https:\/\/rubi5.com\/staging\/wp-json\/wp\/v2\/media\/62061"}],"wp:attachment":[{"href":"https:\/\/rubi5.com\/staging\/wp-json\/wp\/v2\/media?parent=22913"}],"wp:term":[{"taxonomy":"product_brand","embeddable":true,"href":"https:\/\/rubi5.com\/staging\/wp-json\/wp\/v2\/product_brand?post=22913"},{"taxonomy":"product_cat","embeddable":true,"href":"https:\/\/rubi5.com\/staging\/wp-json\/wp\/v2\/product_cat?post=22913"},{"taxonomy":"product_tag","embeddable":true,"href":"https:\/\/rubi5.com\/staging\/wp-json\/wp\/v2\/product_tag?post=22913"}],"curies":[{"name":"wp","href":"https:\/\/api.w.org\/{rel}","templated":true}]}}