{"id":22932,"date":"2022-12-15T15:19:04","date_gmt":"2022-12-15T13:19:04","guid":{"rendered":"https:\/\/rubi5.com\/?post_type=product&#038;p=22932"},"modified":"2026-01-22T11:14:32","modified_gmt":"2026-01-22T09:14:32","slug":"llavero-antiestres-silene","status":"publish","type":"product","link":"https:\/\/rubi5.com\/staging\/llavero-antiestres-silene\/","title":{"rendered":"Llavero Antiestr\u00e9s Silene"},"content":{"rendered":"","protected":false},"excerpt":{"rendered":"<p>Llavero <strong>antiestr\u00e9s<\/strong> en forma de <strong>coraz\u00f3n<\/strong> con cuerpo en suave PU.<\/p>\n<p>Una <strong>pelota antiestr\u00e9s<\/strong> es un regalo original <strong>para repartir a tus empleados<\/strong> o un buen <strong>reclamo publicitario para clientes.\u00a0<\/strong>Todo el que reciba este art\u00edculo personalizado, ver\u00e1 un pr\u00e1ctico regalo para sus momentos m\u00e1s estresantes. Aprieta el coraz\u00f3n y alivia la tensi\u00f3n del trabajo.<\/p>\n<p>Regala un <strong>llavero personalizado original<\/strong> para que tus clientes te lleven en las llaves. Adem\u00e1s, estar\u00e1s regalando un 2 en 1, llavero y pelota antiestr\u00e9s. Podr\u00e1s personalizar el coraz\u00f3n con el<strong> logo de tu empresa<\/strong>, para mejorar tu visibilidad.<\/p>\n","protected":false},"featured_media":57906,"template":"","meta":{"_acf_changed":false},"product_brand":[],"product_cat":[382,187],"product_tag":[],"class_list":{"0":"post-22932","1":"product","2":"type-product","3":"status-publish","4":"has-post-thumbnail","6":"product_cat-pelotas-antiestres","7":"product_cat-salud-y-bienestar","9":"first","10":"instock","11":"taxable","12":"shipping-taxable","13":"purchasable","14":"product-type-variable"},"acf":[],"_links":{"self":[{"href":"https:\/\/rubi5.com\/staging\/wp-json\/wp\/v2\/product\/22932","targetHints":{"allow":["GET"]}}],"collection":[{"href":"https:\/\/rubi5.com\/staging\/wp-json\/wp\/v2\/product"}],"about":[{"href":"https:\/\/rubi5.com\/staging\/wp-json\/wp\/v2\/types\/product"}],"version-history":[{"count":4,"href":"https:\/\/rubi5.com\/staging\/wp-json\/wp\/v2\/product\/22932\/revisions"}],"predecessor-version":[{"id":56503,"href":"https:\/\/rubi5.com\/staging\/wp-json\/wp\/v2\/product\/22932\/revisions\/56503"}],"wp:featuredmedia":[{"embeddable":true,"href":"https:\/\/rubi5.com\/staging\/wp-json\/wp\/v2\/media\/57906"}],"wp:attachment":[{"href":"https:\/\/rubi5.com\/staging\/wp-json\/wp\/v2\/media?parent=22932"}],"wp:term":[{"taxonomy":"product_brand","embeddable":true,"href":"https:\/\/rubi5.com\/staging\/wp-json\/wp\/v2\/product_brand?post=22932"},{"taxonomy":"product_cat","embeddable":true,"href":"https:\/\/rubi5.com\/staging\/wp-json\/wp\/v2\/product_cat?post=22932"},{"taxonomy":"product_tag","embeddable":true,"href":"https:\/\/rubi5.com\/staging\/wp-json\/wp\/v2\/product_tag?post=22932"}],"curies":[{"name":"wp","href":"https:\/\/api.w.org\/{rel}","templated":true}]}}