{"id":22934,"date":"2022-12-15T15:19:04","date_gmt":"2022-12-15T13:19:04","guid":{"rendered":"https:\/\/rubi5.com\/?post_type=product&#038;p=22934"},"modified":"2026-01-22T11:12:14","modified_gmt":"2026-01-22T09:12:14","slug":"antiestres-kidea","status":"publish","type":"product","link":"https:\/\/rubi5.com\/staging\/antiestres-kidea\/","title":{"rendered":"Antiestr\u00e9s Kidea"},"content":{"rendered":"","protected":false},"excerpt":{"rendered":"<p><strong>Bombilla antiestr\u00e9s<\/strong> de suave cuerpo con acolchado de PU brillante.<\/p>\n<p>Con esta<strong> pelota antiestr\u00e9s personalizada<\/strong>, en forma de bombilla, tendr\u00e1s un regalo que no se esperar\u00e1n tus clientes. Un interesante detalle publicitario sea cual sea tu p\u00fablico.<\/p>\n<p>Regalar un art\u00edculo que <strong>puedas guardar en cualquier parte<\/strong> es un plus para que tus clientes lleven siempre <strong>en el bolso o en la mochila<\/strong> una parte de tu empresa. As\u00ed aumentar\u00e1s tu notoriedad y ser\u00e1s la primera opci\u00f3n entre tus clientes, ya que<strong> ver\u00e1n tu marca a diario<\/strong> y se acordar\u00e1n de tus servicios cuando los necesiten.<\/p>\n<p>Este <strong>art\u00edculo antiestr\u00e9s<\/strong> personalizado con el logo de tu empresa, es ideal para la oficina.<\/p>\n","protected":false},"featured_media":57907,"template":"","meta":{"_acf_changed":false},"product_brand":[],"product_cat":[382,187],"product_tag":[],"class_list":{"0":"post-22934","1":"product","2":"type-product","3":"status-publish","4":"has-post-thumbnail","6":"product_cat-pelotas-antiestres","7":"product_cat-salud-y-bienestar","9":"first","10":"instock","11":"taxable","12":"shipping-taxable","13":"purchasable","14":"product-type-simple"},"acf":[],"_links":{"self":[{"href":"https:\/\/rubi5.com\/staging\/wp-json\/wp\/v2\/product\/22934","targetHints":{"allow":["GET"]}}],"collection":[{"href":"https:\/\/rubi5.com\/staging\/wp-json\/wp\/v2\/product"}],"about":[{"href":"https:\/\/rubi5.com\/staging\/wp-json\/wp\/v2\/types\/product"}],"version-history":[{"count":4,"href":"https:\/\/rubi5.com\/staging\/wp-json\/wp\/v2\/product\/22934\/revisions"}],"predecessor-version":[{"id":56507,"href":"https:\/\/rubi5.com\/staging\/wp-json\/wp\/v2\/product\/22934\/revisions\/56507"}],"wp:featuredmedia":[{"embeddable":true,"href":"https:\/\/rubi5.com\/staging\/wp-json\/wp\/v2\/media\/57907"}],"wp:attachment":[{"href":"https:\/\/rubi5.com\/staging\/wp-json\/wp\/v2\/media?parent=22934"}],"wp:term":[{"taxonomy":"product_brand","embeddable":true,"href":"https:\/\/rubi5.com\/staging\/wp-json\/wp\/v2\/product_brand?post=22934"},{"taxonomy":"product_cat","embeddable":true,"href":"https:\/\/rubi5.com\/staging\/wp-json\/wp\/v2\/product_cat?post=22934"},{"taxonomy":"product_tag","embeddable":true,"href":"https:\/\/rubi5.com\/staging\/wp-json\/wp\/v2\/product_tag?post=22934"}],"curies":[{"name":"wp","href":"https:\/\/api.w.org\/{rel}","templated":true}]}}