{"id":22956,"date":"2022-12-15T15:19:26","date_gmt":"2022-12-15T13:19:26","guid":{"rendered":"https:\/\/rubi5.com\/?post_type=product&#038;p=22956"},"modified":"2026-01-22T11:12:13","modified_gmt":"2026-01-22T09:12:13","slug":"pelota-antiestres-lasap","status":"publish","type":"product","link":"https:\/\/rubi5.com\/staging\/pelota-antiestres-lasap\/","title":{"rendered":"Pelota Antiestr\u00e9s Lasap"},"content":{"rendered":"","protected":false},"excerpt":{"rendered":"<p><strong>Pelota antiestr\u00e9s con forma redonda <\/strong>y suave cuerpo acolchado de PU para poder apretar sin problema. Experimenta la relajaci\u00f3n en su m\u00e1ximo exponente, cuenta con el tama\u00f1o perfecto para agarrar con la mayor comodidad.<\/p>\n<p>Personal\u00edzala con el logo de tu <b>empresa o marca <\/b>y destaca en las manos de tus clientes.<\/p>\n<p>Una <strong>pelota antiestr\u00e9s personalizada <\/strong>es una excelente opci\u00f3n para hacer un <strong>regalo promocional en ferias o congresos de todo tipo, <\/strong>o bien, un obsequio corporativo para regalar a tus clientes m\u00e1s fieles, e incluso como agradecimiento a tus trabajadores.<\/p>\n<p>Si te encuentras en el sector de la salud, farmacia, deporte, relajaci\u00f3n, belleza o cuidado personal, las pelotas antiestr\u00e9s se convierten en el regalo publicitario ideal, tanto para llamar la atenci\u00f3n de tus clientes de forma positiva, como para mejorar el reconocimiento tu negocio.<\/p>\n<p><strong>\u00a1Da un paso m\u00e1s all\u00e1 que tu competencia y difer\u00e9nciate con pelotas antiestr\u00e9s publicitarias!<\/strong><\/p>\n","protected":false},"featured_media":57905,"template":"","meta":{"_acf_changed":false},"product_brand":[],"product_cat":[382,187],"product_tag":[],"class_list":{"0":"post-22956","1":"product","2":"type-product","3":"status-publish","4":"has-post-thumbnail","6":"product_cat-pelotas-antiestres","7":"product_cat-salud-y-bienestar","9":"first","10":"instock","11":"taxable","12":"shipping-taxable","13":"product-type-variable"},"acf":[],"_links":{"self":[{"href":"https:\/\/rubi5.com\/staging\/wp-json\/wp\/v2\/product\/22956","targetHints":{"allow":["GET"]}}],"collection":[{"href":"https:\/\/rubi5.com\/staging\/wp-json\/wp\/v2\/product"}],"about":[{"href":"https:\/\/rubi5.com\/staging\/wp-json\/wp\/v2\/types\/product"}],"version-history":[{"count":9,"href":"https:\/\/rubi5.com\/staging\/wp-json\/wp\/v2\/product\/22956\/revisions"}],"predecessor-version":[{"id":59225,"href":"https:\/\/rubi5.com\/staging\/wp-json\/wp\/v2\/product\/22956\/revisions\/59225"}],"wp:featuredmedia":[{"embeddable":true,"href":"https:\/\/rubi5.com\/staging\/wp-json\/wp\/v2\/media\/57905"}],"wp:attachment":[{"href":"https:\/\/rubi5.com\/staging\/wp-json\/wp\/v2\/media?parent=22956"}],"wp:term":[{"taxonomy":"product_brand","embeddable":true,"href":"https:\/\/rubi5.com\/staging\/wp-json\/wp\/v2\/product_brand?post=22956"},{"taxonomy":"product_cat","embeddable":true,"href":"https:\/\/rubi5.com\/staging\/wp-json\/wp\/v2\/product_cat?post=22956"},{"taxonomy":"product_tag","embeddable":true,"href":"https:\/\/rubi5.com\/staging\/wp-json\/wp\/v2\/product_tag?post=22956"}],"curies":[{"name":"wp","href":"https:\/\/api.w.org\/{rel}","templated":true}]}}